{"id":1094,"date":"2015-11-06T05:44:27","date_gmt":"2015-11-06T05:44:27","guid":{"rendered":"http:\/\/cuotagest.com\/web\/?page_id=1094"},"modified":"2016-03-18T18:12:44","modified_gmt":"2016-03-18T18:12:44","slug":"cuotagest-obtener-licencia","status":"publish","type":"page","link":"https:\/\/cuotagest.com\/web\/shop\/cuotagest-obtener-licencia\/","title":{"rendered":"Cuotagest obtener licencia"},"content":{"rendered":"<div class=\"woocommerce columns-4 \"><ul class=\"products columns-4\">\n<li class=\"product type-product post-1671 status-publish first instock product_cat-licencias product_cat-software product_tag-academia product_tag-asistencia product_tag-baile product_tag-club product_tag-cuota product_tag-danza product_tag-gestion product_tag-gym product_tag-gym-control product_tag-idiomas product_tag-peluqueria product_tag-recibo product_tag-software product_tag-sport has-post-thumbnail featured sold-individually taxable shipping-taxable purchasable product-type-variable has-default-attributes\">\n\t<a href=\"https:\/\/cuotagest.com\/web\/product\/licencia-cuotagest-12-meses\/\" class=\"woocommerce-LoopProduct-link woocommerce-loop-product__link\"><img loading=\"lazy\" decoding=\"async\" width=\"324\" height=\"324\" src=\"https:\/\/cuotagest.com\/web\/wp-content\/uploads\/2014\/08\/caja_cuotagest20141-324x324.png\" class=\"attachment-woocommerce_thumbnail size-woocommerce_thumbnail\" alt=\"Software Gimasio Gym\" srcset=\"https:\/\/cuotagest.com\/web\/wp-content\/uploads\/2014\/08\/caja_cuotagest20141-324x324.png 324w, https:\/\/cuotagest.com\/web\/wp-content\/uploads\/2014\/08\/caja_cuotagest20141-100x100.png 100w, https:\/\/cuotagest.com\/web\/wp-content\/uploads\/2014\/08\/caja_cuotagest20141-416x416.png 416w, https:\/\/cuotagest.com\/web\/wp-content\/uploads\/2014\/08\/caja_cuotagest20141.png 600w\" sizes=\"auto, (max-width: 324px) 100vw, 324px\" \/><h2 class=\"woocommerce-loop-product__title\">Licencia Cuotagest 12 meses<\/h2>\n\t<span class=\"price\"><span class=\"woocommerce-Price-amount amount\" aria-hidden=\"true\"><bdi>179.88<span class=\"woocommerce-Price-currencySymbol\">&euro;<\/span><\/bdi><\/span> <span aria-hidden=\"true\">-<\/span> <span class=\"woocommerce-Price-amount amount\" aria-hidden=\"true\"><bdi>419.88<span class=\"woocommerce-Price-currencySymbol\">&euro;<\/span><\/bdi><\/span><span class=\"screen-reader-text\">Rango de precios: desde 179.88&euro; hasta 419.88&euro;<\/span><\/span>\n<\/a><a href=\"https:\/\/cuotagest.com\/web\/product\/licencia-cuotagest-12-meses\/\" aria-describedby=\"woocommerce_loop_add_to_cart_link_describedby_1671\" data-quantity=\"1\" class=\"button product_type_variable add_to_cart_button\" data-product_id=\"1671\" data-product_sku=\"\" aria-label=\"Elige las opciones para &ldquo;Licencia Cuotagest 12 meses&rdquo;\" rel=\"nofollow\">Seleccionar opciones<\/a>\t<span id=\"woocommerce_loop_add_to_cart_link_describedby_1671\" class=\"screen-reader-text\">\n\t\tEste producto tiene m\u00faltiples variantes. Las opciones se pueden elegir en la p\u00e1gina de producto\t<\/span>\n<\/li>\n<li class=\"product type-product post-4473 status-publish instock product_cat-licencias product_cat-software has-post-thumbnail sold-individually taxable shipping-taxable purchasable product-type-variable\">\n\t<a href=\"https:\/\/cuotagest.com\/web\/product\/licencia-cuotagest-3-meses\/\" class=\"woocommerce-LoopProduct-link woocommerce-loop-product__link\"><img loading=\"lazy\" decoding=\"async\" width=\"324\" height=\"324\" src=\"https:\/\/cuotagest.com\/web\/wp-content\/uploads\/2014\/08\/caja_cuotagest20141-324x324.png\" class=\"attachment-woocommerce_thumbnail size-woocommerce_thumbnail\" alt=\"Software Gimasio Gym\" srcset=\"https:\/\/cuotagest.com\/web\/wp-content\/uploads\/2014\/08\/caja_cuotagest20141-324x324.png 324w, https:\/\/cuotagest.com\/web\/wp-content\/uploads\/2014\/08\/caja_cuotagest20141-100x100.png 100w, https:\/\/cuotagest.com\/web\/wp-content\/uploads\/2014\/08\/caja_cuotagest20141-416x416.png 416w, https:\/\/cuotagest.com\/web\/wp-content\/uploads\/2014\/08\/caja_cuotagest20141.png 600w\" sizes=\"auto, (max-width: 324px) 100vw, 324px\" \/><h2 class=\"woocommerce-loop-product__title\">Licencia Cuotagest 3 meses<\/h2>\n\t<span class=\"price\"><span class=\"woocommerce-Price-amount amount\" aria-hidden=\"true\"><bdi>57.00<span class=\"woocommerce-Price-currencySymbol\">&euro;<\/span><\/bdi><\/span> <span aria-hidden=\"true\">-<\/span> <span class=\"woocommerce-Price-amount amount\" aria-hidden=\"true\"><bdi>117.00<span class=\"woocommerce-Price-currencySymbol\">&euro;<\/span><\/bdi><\/span><span class=\"screen-reader-text\">Rango de precios: desde 57.00&euro; hasta 117.00&euro;<\/span><\/span>\n<\/a><a href=\"https:\/\/cuotagest.com\/web\/product\/licencia-cuotagest-3-meses\/\" aria-describedby=\"woocommerce_loop_add_to_cart_link_describedby_4473\" data-quantity=\"1\" class=\"button product_type_variable add_to_cart_button\" data-product_id=\"4473\" data-product_sku=\"\" aria-label=\"Elige las opciones para &ldquo;Licencia Cuotagest 3 meses&rdquo;\" rel=\"nofollow\">Seleccionar opciones<\/a>\t<span id=\"woocommerce_loop_add_to_cart_link_describedby_4473\" class=\"screen-reader-text\">\n\t\tEste producto tiene m\u00faltiples variantes. Las opciones se pueden elegir en la p\u00e1gina de producto\t<\/span>\n<\/li>\n<li class=\"product type-product post-2079 status-publish instock product_cat-licencias product_cat-software product_tag-academia product_tag-asistencia product_tag-baile product_tag-club product_tag-cuota product_tag-danza product_tag-gestion product_tag-gimnasio product_tag-gym product_tag-gym-control product_tag-peluqueria product_tag-recibo product_tag-sport has-post-thumbnail featured sold-individually taxable shipping-taxable purchasable product-type-variable\">\n\t<a href=\"https:\/\/cuotagest.com\/web\/product\/licencia-cuotagest-6-meses\/\" class=\"woocommerce-LoopProduct-link woocommerce-loop-product__link\"><img loading=\"lazy\" decoding=\"async\" width=\"324\" height=\"324\" src=\"https:\/\/cuotagest.com\/web\/wp-content\/uploads\/2014\/10\/programa-para-academia-324x324.png\" class=\"attachment-woocommerce_thumbnail size-woocommerce_thumbnail\" alt=\"Software Academia\" srcset=\"https:\/\/cuotagest.com\/web\/wp-content\/uploads\/2014\/10\/programa-para-academia-324x324.png 324w, https:\/\/cuotagest.com\/web\/wp-content\/uploads\/2014\/10\/programa-para-academia-100x100.png 100w, https:\/\/cuotagest.com\/web\/wp-content\/uploads\/2014\/10\/programa-para-academia-416x416.png 416w, https:\/\/cuotagest.com\/web\/wp-content\/uploads\/2014\/10\/programa-para-academia.png 600w\" sizes=\"auto, (max-width: 324px) 100vw, 324px\" \/><h2 class=\"woocommerce-loop-product__title\">Licencia Cuotagest 6 meses<\/h2>\n\t<span class=\"price\"><span class=\"woocommerce-Price-amount amount\" aria-hidden=\"true\"><bdi>108.00<span class=\"woocommerce-Price-currencySymbol\">&euro;<\/span><\/bdi><\/span> <span aria-hidden=\"true\">-<\/span> <span class=\"woocommerce-Price-amount amount\" aria-hidden=\"true\"><bdi>228.00<span class=\"woocommerce-Price-currencySymbol\">&euro;<\/span><\/bdi><\/span><span class=\"screen-reader-text\">Rango de precios: desde 108.00&euro; hasta 228.00&euro;<\/span><\/span>\n<\/a><a href=\"https:\/\/cuotagest.com\/web\/product\/licencia-cuotagest-6-meses\/\" aria-describedby=\"woocommerce_loop_add_to_cart_link_describedby_2079\" data-quantity=\"1\" class=\"button product_type_variable add_to_cart_button\" data-product_id=\"2079\" data-product_sku=\"\" aria-label=\"Elige las opciones para &ldquo;Licencia Cuotagest 6 meses&rdquo;\" rel=\"nofollow\">Seleccionar opciones<\/a>\t<span id=\"woocommerce_loop_add_to_cart_link_describedby_2079\" class=\"screen-reader-text\">\n\t\tEste producto tiene m\u00faltiples variantes. Las opciones se pueden elegir en la p\u00e1gina de producto\t<\/span>\n<\/li>\n<li class=\"product type-product post-8062 status-publish last instock product_cat-licencias product_cat-software product_tag-academias-3 product_tag-software has-post-thumbnail virtual sold-individually taxable purchasable product-type-simple\">\n\t<a href=\"https:\/\/cuotagest.com\/web\/product\/software-academias-gratis\/\" class=\"woocommerce-LoopProduct-link woocommerce-loop-product__link\"><img loading=\"lazy\" decoding=\"async\" width=\"324\" height=\"300\" src=\"https:\/\/cuotagest.com\/web\/wp-content\/uploads\/2014\/08\/cajas-para-web-324x300.png\" class=\"attachment-woocommerce_thumbnail size-woocommerce_thumbnail\" alt=\"gestion centros\" \/><h2 class=\"woocommerce-loop-product__title\">Software Academias Licencia Gratis<\/h2>\n\t<span class=\"price\"><span class=\"woocommerce-Price-amount amount\"><bdi>0.00<span class=\"woocommerce-Price-currencySymbol\">&euro;<\/span><\/bdi><\/span><\/span>\n<\/a><a href=\"\/web\/wp-json\/wp\/v2\/pages\/1094?add-to-cart=8062\" aria-describedby=\"woocommerce_loop_add_to_cart_link_describedby_8062\" data-quantity=\"1\" class=\"button product_type_simple add_to_cart_button ajax_add_to_cart\" data-product_id=\"8062\" data-product_sku=\"\" aria-label=\"A\u00f1adir al carrito: &ldquo;Software Academias Licencia Gratis&rdquo;\" rel=\"nofollow\" data-success_message=\"\u00abSoftware Academias Licencia Gratis\u00bb se ha a\u00f1adido a tu carrito\">A\u00f1adir al carrito<\/a>\t<span id=\"woocommerce_loop_add_to_cart_link_describedby_8062\" class=\"screen-reader-text\">\n\t\t\t<\/span>\n<\/li>\n<\/ul>\n<\/div>\n<h4>NOTA:\u00a0No existe diferencia entre los diferentes packs para peluquer\u00edas, gimnasios, etc. No importa si elige gimnasio, peluquer\u00eda, sp\u00e1, centro de yoga&#8230;. ya que el programa es el mismo y s\u00f3lo se tiene en cuenta\u00a0el peri\u00f3do de duraci\u00f3n de la licencia.<\/h4>\n","protected":false},"excerpt":{"rendered":"<p>NOTA:\u00a0No existe diferencia entre los diferentes packs para peluquer\u00edas, gimnasios, etc. No importa si elige gimnasio, peluquer\u00eda, sp\u00e1, centro de yoga&#8230;. ya que el programa es el mismo y s\u00f3lo se tiene en cuenta\u00a0el peri\u00f3do de duraci\u00f3n de la licencia.<\/p>\n","protected":false},"author":1,"featured_media":0,"parent":4,"menu_order":0,"comment_status":"closed","ping_status":"closed","template":"","meta":{"footnotes":""},"class_list":["post-1094","page","type-page","status-publish","hentry"],"_links":{"self":[{"href":"https:\/\/cuotagest.com\/web\/wp-json\/wp\/v2\/pages\/1094","targetHints":{"allow":["GET"]}}],"collection":[{"href":"https:\/\/cuotagest.com\/web\/wp-json\/wp\/v2\/pages"}],"about":[{"href":"https:\/\/cuotagest.com\/web\/wp-json\/wp\/v2\/types\/page"}],"author":[{"embeddable":true,"href":"https:\/\/cuotagest.com\/web\/wp-json\/wp\/v2\/users\/1"}],"replies":[{"embeddable":true,"href":"https:\/\/cuotagest.com\/web\/wp-json\/wp\/v2\/comments?post=1094"}],"version-history":[{"count":4,"href":"https:\/\/cuotagest.com\/web\/wp-json\/wp\/v2\/pages\/1094\/revisions"}],"predecessor-version":[{"id":1178,"href":"https:\/\/cuotagest.com\/web\/wp-json\/wp\/v2\/pages\/1094\/revisions\/1178"}],"up":[{"embeddable":true,"href":"https:\/\/cuotagest.com\/web\/wp-json\/wp\/v2\/pages\/4"}],"wp:attachment":[{"href":"https:\/\/cuotagest.com\/web\/wp-json\/wp\/v2\/media?parent=1094"}],"curies":[{"name":"wp","href":"https:\/\/api.w.org\/{rel}","templated":true}]}}