{"id":1100,"date":"2015-11-08T00:49:50","date_gmt":"2015-11-08T00:49:50","guid":{"rendered":"http:\/\/cuotagest.com\/web\/?page_id=1100"},"modified":"2024-02-02T20:09:08","modified_gmt":"2024-02-02T18:09:08","slug":"videos-software-cuotagest","status":"publish","type":"page","link":"https:\/\/cuotagest.com\/web\/videos-software-cuotagest\/","title":{"rendered":"V\u00eddeos Demostrativos del Software de Gesti\u00f3n para Academias Cuotagest"},"content":{"rendered":"\n<h2 class=\"wp-block-heading\">Proceso de Instalaci\u00f3n Paso a Paso:<\/h2>\n\n\n\n<p>En este v\u00eddeo, te guiaremos a trav\u00e9s del proceso de instalaci\u00f3n de Cuotagest, nuestro software de gesti\u00f3n para academias. Desde la descarga hasta la configuraci\u00f3n inicial, aprender\u00e1s c\u00f3mo instalar f\u00e1cilmente Cuotagest en tu sistema y comenzar a utilizarlo en poco tiempo.<\/p>\n\n\n\n<div style=\"margin: 0 auto; text-align: center;\">\n    <div id=\"youtube-video-placeholder\">\n        <iframe src=\"https:\/\/www.youtube.com\/embed\/PiZFQiU01-w\" width=\"96%\" height=\"480\" frameborder=\"0\" allowfullscreen=\"allowfullscreen\" loading=\"lazy\"><\/iframe>\n    <\/div>\n<\/div>\n\n\n\n\n<h2 class=\"wp-block-heading\">Funcionamiento del Software en Acci\u00f3n:<\/h2>\n\n\n\n<p>En este v\u00eddeo demostrativo, te mostramos c\u00f3mo funciona Cuotagest en la pr\u00e1ctica. Exploraremos las diferentes caracter\u00edsticas y funcionalidades del software, desde la gesti\u00f3n de membres\u00edas hasta la programaci\u00f3n de clases y la generaci\u00f3n de informes. Descubre c\u00f3mo Cuotagest puede ayudarte a simplificar y optimizar la gesti\u00f3n de tu academia.<\/p>\n\n\n\n<div style=\"margin: 0 auto; text-align: center;\">\n    <div id=\"youtube-video-placeholder\">\n        <iframe src=\"https:\/\/www.youtube.com\/embed\/oqk3yJZXA0s?list=PLjOjteGIeLtoYGyAjd96nhmOogR3qdH2B\" width=\"96%\" height=\"480\" frameborder=\"0\" allowfullscreen=\"allowfullscreen\" loading=\"lazy\"><\/iframe>\n    <\/div>\n<\/div>\n\n","protected":false},"excerpt":{"rendered":"<p>Proceso de Instalaci\u00f3n Paso a Paso: En este v\u00eddeo, te guiaremos a trav\u00e9s del proceso de instalaci\u00f3n de Cuotagest, nuestro software de gesti\u00f3n para academias. Desde la descarga hasta la configuraci\u00f3n inicial, aprender\u00e1s c\u00f3mo instalar f\u00e1cilmente Cuotagest en tu sistema y comenzar a utilizarlo en poco tiempo. Funcionamiento del Software en Acci\u00f3n: En este v\u00eddeo [&hellip;]<\/p>\n","protected":false},"author":1,"featured_media":0,"parent":0,"menu_order":0,"comment_status":"closed","ping_status":"closed","template":"","meta":{"footnotes":""},"class_list":["post-1100","page","type-page","status-publish","hentry"],"_links":{"self":[{"href":"https:\/\/cuotagest.com\/web\/wp-json\/wp\/v2\/pages\/1100","targetHints":{"allow":["GET"]}}],"collection":[{"href":"https:\/\/cuotagest.com\/web\/wp-json\/wp\/v2\/pages"}],"about":[{"href":"https:\/\/cuotagest.com\/web\/wp-json\/wp\/v2\/types\/page"}],"author":[{"embeddable":true,"href":"https:\/\/cuotagest.com\/web\/wp-json\/wp\/v2\/users\/1"}],"replies":[{"embeddable":true,"href":"https:\/\/cuotagest.com\/web\/wp-json\/wp\/v2\/comments?post=1100"}],"version-history":[{"count":19,"href":"https:\/\/cuotagest.com\/web\/wp-json\/wp\/v2\/pages\/1100\/revisions"}],"predecessor-version":[{"id":9601,"href":"https:\/\/cuotagest.com\/web\/wp-json\/wp\/v2\/pages\/1100\/revisions\/9601"}],"wp:attachment":[{"href":"https:\/\/cuotagest.com\/web\/wp-json\/wp\/v2\/media?parent=1100"}],"curies":[{"name":"wp","href":"https:\/\/api.w.org\/{rel}","templated":true}]}}