{"id":1315,"date":"2024-02-16T23:01:18","date_gmt":"2024-02-16T21:01:18","guid":{"rendered":"http:\/\/cuotagest.com\/web\/?page_id=1315"},"modified":"2024-02-16T23:01:19","modified_gmt":"2024-02-16T21:01:19","slug":"software-academia","status":"publish","type":"page","link":"https:\/\/cuotagest.com\/web\/software-academia\/","title":{"rendered":"Software Academia"},"content":{"rendered":"\n<h1 class=\"wp-block-heading\">\u00bfQu\u00e9 es Software Academia Cuotagest?<\/h1>\n\n\n\n<p>\u00abCuotagest\u00bb o&nbsp;<strong>Software Academia Cuotagest<\/strong> es un programa para gestionar academias, adaptado para centros de estudio y escuelas de idiomas, academias de baile, academias de ingl\u00e9s, academias de franc\u00e9s y en definitiva cualquier centro de ense\u00f1anza. Con este software podr\u00e1 gestionar los <em>cursos<\/em>, <em>alumnos<\/em>, <em>pagos<\/em>, <em>facturas<\/em>, <em>control de asistencia<\/em>, emitir <em>listados<\/em>, <em>estad\u00edsticas<\/em> y previsiones, <em>productos<\/em>, etc.<\/p>\n\n\n<div class=\"wp-block-image wp-image-509\">\n<figure class=\"alignleft\"><img decoding=\"async\" src=\"http:\/\/cuotagest.com\/web\/wp-content\/uploads\/2014\/10\/programa-para-academia-300x300.png\" alt=\"Software Academia\" class=\"wp-image-509\"\/><figcaption class=\"wp-element-caption\">Software Academia<\/figcaption><\/figure>\n<\/div>\n\n\n<p>Es un programa de gesti\u00f3n para academias <strong>de muy f\u00e1cil manejo<\/strong>. Su utilizaci\u00f3n le ahorrar\u00e1 mucho tiempo, no tendr\u00e1 que emitir recibos a los alumnos pues <strong>el propio sistema generar\u00e1 los recibos<\/strong> por usted, calculando el importe exacto de las clases o cursos, aplicando descuentos de la academia si fuera necesario.<\/p>\n\n\n\n<p>El sistema <strong>permite emitir recibos o facturas a los alumnos<\/strong>, pudiendo determinar, si se factura por <strong>meses<\/strong>, <strong>trimestres<\/strong> o por el <strong>importe total del curso<\/strong> (anual). Esto es lo que el software de gesti\u00f3n de academia Cuotagest llama periocidad. Usted s\u00f3lo matr\u00edcula a un alumno o socio en una actividad, y <span style=\"text-decoration: underline;\"><strong>el programa se encargar\u00e1 de generar los recibos por usted autom\u00e1ticamente.<\/strong><\/span><\/p>\n\n\n\n<p>No pierda tiempo imprimiendo las <strong>faltas de asistencia<\/strong>. El <strong>Software gestion academias<\/strong> Cuotagest le permite consultar las <strong>asistencias<\/strong> de cada uno de los alumnos sin necesidad de perder horas de su tiempo realizando esta gesti\u00f3n.<\/p>\n\n\n\n<p>No son necesarios conocimientos de inform\u00e1tica. El software de gestion de academias est\u00e1 dise\u00f1ado para que la utilizaci\u00f3n del programa sea sencilla, y sus iconos principales le facilitar\u00e1n la gesti\u00f3n de la academia.<span class=\"Apple-converted-space\">&nbsp;<\/span><\/p>\n\n\n\n<p>Con un solo click podr\u00e1 ver el listado de las actividades, recibos o facturas pendientes, alumnos&#8230;<span class=\"Apple-converted-space\">&nbsp;<\/span><\/p>\n\n\n\n<h2 class=\"wp-block-heading\">Descargar Software Academia Cuotagest<\/h2>\n\n\n<div class='w3eden'><!-- WPDM Link Template: Default Template -->\n\n<div class=\"link-template-default card mb-2\">\n    <div class=\"card-body\">\n        <div class=\"media\">\n            <div class=\"mr-3 img-48\"><img decoding=\"async\" class=\"wpdm_icon\" alt=\"Icono\"   src=\"https:\/\/cuotagest.com\/web\/wp-content\/plugins\/download-manager\/assets\/file-type-icons\/download2.png\" \/><\/div>\n            <div class=\"media-body\">\n                <h3 class=\"package-title\"><a href='https:\/\/cuotagest.com\/web\/download\/software-cuotagest\/'>Software Cuotagest v19.10.1<\/a><\/h3>\n                <div class=\"text-muted text-small\"><i class=\"fas fa-copy\"><\/i> 1 archivo(s) <i class=\"fas fa-hdd ml-3\"><\/i> 25.8 MB<\/div>\n            <\/div>\n            <div class=\"ml-3\">\n                <a href='#unlock' class='wpdm-download-link wpdm-download-locked btn btn-primary ' data-package='4143'>Descargar<\/a>\n            <\/div>\n        <\/div>\n    <\/div>\n<\/div>\n\n<\/div>\n\n\n\n<h2 class=\"wp-block-heading\">Caracter\u00edsticas de Software Academia Cuotagest<\/h2>\n\n\n<div class=\"wp-block-image size-full wp-image-768\">\n<figure class=\"alignright\"><img loading=\"lazy\" decoding=\"async\" width=\"110\" height=\"109\" src=\"http:\/\/cuotagest.com\/web\/wp-content\/uploads\/2014\/09\/logo_softonic.png\" alt=\"Software de gestion de academias Evaluado por Softonic\" class=\"wp-image-768\" srcset=\"https:\/\/cuotagest.com\/web\/wp-content\/uploads\/2014\/09\/logo_softonic.png 110w, https:\/\/cuotagest.com\/web\/wp-content\/uploads\/2014\/09\/logo_softonic-100x100.png 100w\" sizes=\"auto, (max-width: 110px) 100vw, 110px\" \/><figcaption class=\"wp-element-caption\">Cuotagest: Software gestion academias. <a href=\"http:\/\/cuotagest.softonic.com\/\" target=\"_blank\" rel=\"noopener noreferrer\">Evaluado por Softonic<\/a><\/figcaption><\/figure>\n<\/div>\n\n\n<ul class=\"wp-block-list\">\n<li>Gesti\u00f3n de <strong>actividades<\/strong>: altas, bajas, horarios de las actividades, total de alumnos matr\u00edculados, etc.<\/li>\n\n\n\n<li>Gesti\u00f3n de <strong>alumnos<\/strong>: altas, bajas, modificaciones&#8230; Controle a sus alumnos desde una \u00fanica ficha donde consultar todos sus datos.<\/li>\n\n\n\n<li>Gesti\u00f3n de <strong>recibos<\/strong> o <strong>facturas<\/strong>: recibos mensuales (o seg\u00fan periocidad), recibos pendientes de cobro, recibos cobrados. Un panel muy intuitivo donde consultar los recibos pendientes pulsando un s\u00f3lo bot\u00f3n.<\/li>\n\n\n\n<li>Gesti\u00f3n de <strong>matr\u00edculas<\/strong>: altas, bajas, bajas autom\u00e1ticas, descuentos en la m\u00e1tricula, etc.<\/li>\n\n\n\n<li>Gesti\u00f3n de <strong>citas<\/strong> o gesti\u00f3n de <strong>reservas<\/strong>: puede crear citas o reservas seg\u00fan las actividades de su centro. Adem\u00e1s puede cambiar el n\u00famero de reservas por hora, seg\u00fan la actividad (grupos, individuales,&#8230;)<\/li>\n\n\n\n<li>Control de <strong>asistencia<\/strong>: realice el control de la asistencia al centro si lo desea, con un simple clic. Puede consultar las asistencias de los alumnos y decidir si contactar con \u00e9l.<\/li>\n\n\n\n<li>Previsi\u00f3n de <strong>ingresos<\/strong>: el software gestion academias realiza una estimaci\u00f3n de los ingresos que obtendr\u00e1, adem\u00e1s de indicarle los ingresos obtenidos hasta la fecha, mostrando gr\u00e1ficas de gran inter\u00e9s.<\/li>\n\n\n\n<li>Gesti\u00f3n de <strong>informes<\/strong> o impresiones<\/li>\n\n\n\n<li><strong>Copias de seguridad:<\/strong> puede realizar copias de seguridad en la nube o en un dispositivo externo.<\/li>\n<\/ul>\n\n\n\n<h2 class=\"wp-block-heading\">V\u00eddeos Software Academia Cuotagest<\/h2>\n\n\n\n<p><iframe src=\"https:\/\/www.youtube.com\/embed\/oqk3yJZXA0s?list=PLjOjteGIeLtoYGyAjd96nhmOogR3qdH2B\" width=\"98%\" height=\"480\" frameborder=\"0\" allowfullscreen=\"allowfullscreen\" loading=\"lazy\"><\/iframe><\/p>\n\n\n\n<h2 class=\"wp-block-heading\">Precio Software Academia Cuotagest<\/h2>\n\n\n\n<p>Puede probar el Software Academia Cuotagest simplemente descargando el archivo e instal\u00e1ndolo en su equipo. Pruebe el software gratis y si le convence puede consultar los precios <a href=\"https:\/\/cuotagest.com\/web\/shop\/precio-software-cuotagest\/\">aqu\u00ed<\/a>.<\/p>\n\n\n\n<h5 class=\"wp-block-heading\">Hablamos de Software Academia, Software Gestion Academia, Sofware Control Academia, Programa Academia, Gestion Centros, Sofware Academia Idioma, Sofware Academia Ingles<\/h5>\n","protected":false},"excerpt":{"rendered":"<p>\u00bfQu\u00e9 es Software Academia Cuotagest? \u00abCuotagest\u00bb o&nbsp;Software Academia Cuotagest es un programa para gestionar academias, adaptado para centros de estudio y escuelas de idiomas, academias de baile, academias de ingl\u00e9s, academias de franc\u00e9s y en definitiva cualquier centro de ense\u00f1anza. Con este software podr\u00e1 gestionar los cursos, alumnos, pagos, facturas, control de asistencia, emitir listados, [&hellip;]<\/p>\n","protected":false},"author":1,"featured_media":0,"parent":0,"menu_order":0,"comment_status":"closed","ping_status":"closed","template":"","meta":{"footnotes":""},"class_list":["post-1315","page","type-page","status-publish","hentry"],"_links":{"self":[{"href":"https:\/\/cuotagest.com\/web\/wp-json\/wp\/v2\/pages\/1315","targetHints":{"allow":["GET"]}}],"collection":[{"href":"https:\/\/cuotagest.com\/web\/wp-json\/wp\/v2\/pages"}],"about":[{"href":"https:\/\/cuotagest.com\/web\/wp-json\/wp\/v2\/types\/page"}],"author":[{"embeddable":true,"href":"https:\/\/cuotagest.com\/web\/wp-json\/wp\/v2\/users\/1"}],"replies":[{"embeddable":true,"href":"https:\/\/cuotagest.com\/web\/wp-json\/wp\/v2\/comments?post=1315"}],"version-history":[{"count":30,"href":"https:\/\/cuotagest.com\/web\/wp-json\/wp\/v2\/pages\/1315\/revisions"}],"predecessor-version":[{"id":9739,"href":"https:\/\/cuotagest.com\/web\/wp-json\/wp\/v2\/pages\/1315\/revisions\/9739"}],"wp:attachment":[{"href":"https:\/\/cuotagest.com\/web\/wp-json\/wp\/v2\/media?parent=1315"}],"curies":[{"name":"wp","href":"https:\/\/api.w.org\/{rel}","templated":true}]}}