{"id":1364,"date":"2024-02-16T23:01:43","date_gmt":"2024-02-16T21:01:43","guid":{"rendered":"http:\/\/cuotagest.com\/web\/?page_id=1364"},"modified":"2024-02-16T23:01:45","modified_gmt":"2024-02-16T21:01:45","slug":"software-peluqueria","status":"publish","type":"page","link":"https:\/\/cuotagest.com\/web\/software-peluqueria\/","title":{"rendered":"Software Peluqueria"},"content":{"rendered":"\n<h1 class=\"wp-block-heading\">\u00bfQu\u00e9 es Software Peluqueria Cuotagest?<\/h1>\n\n\n\n<p><strong>\u00abCuotagest\u00bb o Software peluqueria<\/strong> es un programa para gesti\u00f3n de peluquer\u00eda, adaptado a centros de est\u00e9tica y peluqueria. Tambi\u00e9n sirve como software de peluquer\u00edas que tengan <strong>tarifas planas<\/strong> o <strong>recibos<\/strong> de una cuota mensual. Con este software podr\u00e1 gestionar los <strong><em>clientes<\/em><\/strong>, <strong><em>servicios<\/em><\/strong>, <em><strong>pagos<\/strong> y <strong>cobros<\/strong><\/em>, <em><strong>facturas<\/strong>, <strong>citas<\/strong> o <strong>reservas<\/strong><\/em>, emitir <strong><em>listados<\/em><\/strong>, <strong><em>estad\u00edsticas<\/em> <\/strong>y <strong>previsiones<\/strong>, <strong><em>productos<\/em><\/strong>, <strong>etc<\/strong>.<\/p>\n\n\n\n<h2 class=\"wp-block-heading\">Software Peluqueria Cuotagest<\/h2>\n\n\n<div class=\"wp-block-image wp-image-504\">\n<figure class=\"alignleft\"><img loading=\"lazy\" decoding=\"async\" width=\"150\" height=\"150\" src=\"http:\/\/cuotagest.com\/web\/wp-content\/uploads\/2014\/10\/programa_para_peluquerias-150x150.png\" alt=\"Software peluqueria\" class=\"wp-image-504\" srcset=\"https:\/\/cuotagest.com\/web\/wp-content\/uploads\/2014\/10\/programa_para_peluquerias-150x150.png 150w, https:\/\/cuotagest.com\/web\/wp-content\/uploads\/2014\/10\/programa_para_peluquerias-324x324.png 324w, https:\/\/cuotagest.com\/web\/wp-content\/uploads\/2014\/10\/programa_para_peluquerias-100x100.png 100w, https:\/\/cuotagest.com\/web\/wp-content\/uploads\/2014\/10\/programa_para_peluquerias-416x416.png 416w, https:\/\/cuotagest.com\/web\/wp-content\/uploads\/2014\/10\/programa_para_peluquerias-300x300.png 300w, https:\/\/cuotagest.com\/web\/wp-content\/uploads\/2014\/10\/programa_para_peluquerias.png 600w\" sizes=\"auto, (max-width: 150px) 100vw, 150px\" \/><figcaption class=\"wp-element-caption\">Software peluqueria<\/figcaption><\/figure>\n<\/div>\n\n\n<p>Es un programa de gesti\u00f3n para peluqueria <strong>de muy f\u00e1cil manejo<\/strong>. Su utilizaci\u00f3n le ahorrar\u00e1 mucho tiempo. Podr\u00e1 consultar la ficha de cliente de peluqueria, los servicios realizados anteriormente, cobrar nuevos importes, aplicando descuentos de la peluquer\u00eda si fuera necesario.<\/p>\n\n\n\n<p>El sistema <strong>permite emitir recibos o facturas a los clientes<\/strong>.&nbsp;Cuotagest Software Peluqueria dispone de <strong>tarifas planas<\/strong> para un cliente, ya que algunos centros de est\u00e9tica ofertan tarifas planas mensuales, con lo que ser\u00e1 el propio software para peluquer\u00eda Cuotagest el que <span style=\"text-decoration: underline;\"><strong>se encargar\u00e1 de generar los recibos mensuales por usted autom\u00e1ticamente.<\/strong><\/span><\/p>\n\n\n\n<p>Tambi\u00e9n puede realizar<strong> cobros de recibos de la peluquer\u00eda<\/strong> normalmente, para cada clienta, simplemente accediendo a su ficha y accediendo al panel Recibos (o facturas).<\/p>\n\n\n\n<p>Puede llevar el control de <strong>asistencia, <\/strong>simplemente usando el bot\u00f3n derecho del rat\u00f3n sobre un cliente. El programa le permite consultar las asistencias de cada uno de los clientes sin necesidad de perder horas de su tiempo realizando esta gesti\u00f3n.<\/p>\n\n\n\n<p>No son necesarios conocimientos de inform\u00e1tica. El programa de software gestion peluquerias Cuotagest est\u00e1 dise\u00f1ado para que la utilizaci\u00f3n del programa sea sencilla, y sus iconos principales le facilitar\u00e1n la gesti\u00f3n de la peluquer\u00eda.<\/p>\n\n\n\n<p>Con un solo click podr\u00e1 ver el<strong> listado<\/strong> de los recibos o facturas, clientes, asistencia, informes, o incluso previsi\u00f3n de ingresos seg\u00fan los datos insertados en el Software Peluqueria Cuotagest.<\/p>\n\n\n\n<h2 class=\"wp-block-heading\">Descargar Software Peluqueria Cuotagest<\/h2>\n\n\n\n<p><span class=\"Apple-converted-space\"><div class='w3eden'><!-- WPDM Link Template: Default Template -->\n\n<div class=\"link-template-default card mb-2\">\n    <div class=\"card-body\">\n        <div class=\"media\">\n            <div class=\"mr-3 img-48\"><img decoding=\"async\" class=\"wpdm_icon\" alt=\"Icono\"   src=\"https:\/\/cuotagest.com\/web\/wp-content\/plugins\/download-manager\/assets\/file-type-icons\/download2.png\" \/><\/div>\n            <div class=\"media-body\">\n                <h3 class=\"package-title\"><a href='https:\/\/cuotagest.com\/web\/download\/software-cuotagest\/'>Software Cuotagest v19.10.1<\/a><\/h3>\n                <div class=\"text-muted text-small\"><i class=\"fas fa-copy\"><\/i> 1 archivo(s) <i class=\"fas fa-hdd ml-3\"><\/i> 25.8 MB<\/div>\n            <\/div>\n            <div class=\"ml-3\">\n                <a href='#unlock' class='wpdm-download-link wpdm-download-locked btn btn-primary ' data-package='4143'>Descargar<\/a>\n            <\/div>\n        <\/div>\n    <\/div>\n<\/div>\n\n<\/div><\/span><\/p>\n\n\n<div class=\"wp-block-image size-full wp-image-768\">\n<figure class=\"alignright\"><img loading=\"lazy\" decoding=\"async\" width=\"110\" height=\"109\" src=\"http:\/\/cuotagest.com\/web\/wp-content\/uploads\/2014\/09\/logo_softonic.png\" alt=\"Software de gestion de academias Evaluado por Softonic\" class=\"wp-image-768\" srcset=\"https:\/\/cuotagest.com\/web\/wp-content\/uploads\/2014\/09\/logo_softonic.png 110w, https:\/\/cuotagest.com\/web\/wp-content\/uploads\/2014\/09\/logo_softonic-100x100.png 100w\" sizes=\"auto, (max-width: 110px) 100vw, 110px\" \/><figcaption class=\"wp-element-caption\">Cuotagest: Software gestion peluquerias. <a href=\"http:\/\/cuotagest.softonic.com\/\" target=\"_blank\" rel=\"noopener noreferrer\">Evaluado por Softonic<\/a><\/figcaption><\/figure>\n<\/div>\n\n\n<h2 class=\"wp-block-heading\">Caracter\u00edsticas de Software Peluqueria Cuotagest<\/h2>\n\n\n\n<ul class=\"wp-block-list\">\n<li>Gesti\u00f3n de <strong>actividades<\/strong>: altas, bajas, horarios de las actividades, total de clientes con tarifas planas, etc.<\/li>\n\n\n\n<li>Gesti\u00f3n de <strong>clientes<\/strong>: altas, bajas, modificaciones&#8230; Controle a sus clientes desde una \u00fanica ficha donde consultar todos sus datos.<\/li>\n\n\n\n<li>Gesti\u00f3n de <strong>recibos<\/strong> o <strong>facturas<\/strong>: tarifas planas mensuales (o seg\u00fan periocidad), recibos pendientes de cobro, recibos cobrados. Un panel muy intuitivo donde consultar los recibos pendientes pulsando un s\u00f3lo bot\u00f3n.<\/li>\n\n\n\n<li>Gesti\u00f3n de <strong>tarifas planas<\/strong>: altas, bajas, bajas autom\u00e1ticas, descuentos en la tarifa, etc.<\/li>\n\n\n\n<li>Gesti\u00f3n de <strong>citas<\/strong> o gesti\u00f3n de <strong>reservas<\/strong>: puede crear citas o reservas seg\u00fan los servicios de su centro. Adem\u00e1s puede cambiar el n\u00famero de reservas por hora, seg\u00fan la actividad (grupos, individuales,&#8230;)<\/li>\n\n\n\n<li>Control de <strong>asistencia<\/strong>: realice el control de la asistencia al centro si lo desea, con un simple clic. Puede consultar las asistencias de los alumnos y decidir si contactar con \u00e9l.<\/li>\n\n\n\n<li>Previsi\u00f3n de <strong>ingresos<\/strong>: el Software gestion peluquerias realiza una estimaci\u00f3n de los ingresos que obtendr\u00e1, adem\u00e1s de indicarle los ingresos obtenidos hasta la fecha, mostrando gr\u00e1ficas de gran inter\u00e9s.<\/li>\n\n\n\n<li>Gesti\u00f3n de <strong>informes<\/strong> o impresiones<\/li>\n\n\n\n<li><strong>Copias de seguridad:<\/strong> puede realizar copias de seguridad en la nube o en un dispositivo externo.<\/li>\n<\/ul>\n\n\n\n<h2 class=\"wp-block-heading\">Videos Software Peluquer\u00edas Cuotagest<\/h2>\n\n\n\n<iframe loading=\"lazy\" width=\"98%\" height=\"500\" src=\"https:\/\/www.youtube.com\/embed\/oqk3yJZXA0s?list=PLjOjteGIeLtoYGyAjd96nhmOogR3qdH2B\" title=\"Software Academias Cuotagest \u00b7 Registrar manualmente el acceso de un socio\" frameborder=\"0\" allow=\"accelerometer; autoplay; clipboard-write; encrypted-media; gyroscope; picture-in-picture; web-share\" allowfullscreen><\/iframe>\n\n\n\n<h2 class=\"wp-block-heading\">Precio Software gesti\u00f3n peluquer\u00eda Cuotagest<\/h2>\n\n\n\n<p>Puede probar el Software Peluqueria Cuotagest simplemente descargando el archivo e instal\u00e1ndolo en su equipo. Solicite una licencia gratis y si le convence puede consultar los precios <a href=\"https:\/\/cuotagest.com\/web\/shop\/precio-software-cuotagest\/\">aqu\u00ed<\/a>.<\/p>\n","protected":false},"excerpt":{"rendered":"<p>\u00bfQu\u00e9 es Software Peluqueria Cuotagest? \u00abCuotagest\u00bb o Software peluqueria es un programa para gesti\u00f3n de peluquer\u00eda, adaptado a centros de est\u00e9tica y peluqueria. Tambi\u00e9n sirve como software de peluquer\u00edas que tengan tarifas planas o recibos de una cuota mensual. Con este software podr\u00e1 gestionar los clientes, servicios, pagos y cobros, facturas, citas o reservas, emitir [&hellip;]<\/p>\n","protected":false},"author":1,"featured_media":0,"parent":0,"menu_order":0,"comment_status":"closed","ping_status":"closed","template":"","meta":{"footnotes":""},"class_list":["post-1364","page","type-page","status-publish","hentry"],"_links":{"self":[{"href":"https:\/\/cuotagest.com\/web\/wp-json\/wp\/v2\/pages\/1364","targetHints":{"allow":["GET"]}}],"collection":[{"href":"https:\/\/cuotagest.com\/web\/wp-json\/wp\/v2\/pages"}],"about":[{"href":"https:\/\/cuotagest.com\/web\/wp-json\/wp\/v2\/types\/page"}],"author":[{"embeddable":true,"href":"https:\/\/cuotagest.com\/web\/wp-json\/wp\/v2\/users\/1"}],"replies":[{"embeddable":true,"href":"https:\/\/cuotagest.com\/web\/wp-json\/wp\/v2\/comments?post=1364"}],"version-history":[{"count":13,"href":"https:\/\/cuotagest.com\/web\/wp-json\/wp\/v2\/pages\/1364\/revisions"}],"predecessor-version":[{"id":9563,"href":"https:\/\/cuotagest.com\/web\/wp-json\/wp\/v2\/pages\/1364\/revisions\/9563"}],"wp:attachment":[{"href":"https:\/\/cuotagest.com\/web\/wp-json\/wp\/v2\/media?parent=1364"}],"curies":[{"name":"wp","href":"https:\/\/api.w.org\/{rel}","templated":true}]}}