{"id":1539,"date":"2016-06-12T20:23:30","date_gmt":"2016-06-12T18:23:30","guid":{"rendered":"http:\/\/cuotagest.com\/web\/?page_id=1539"},"modified":"2024-09-20T18:21:49","modified_gmt":"2024-09-20T16:21:49","slug":"programa-academia","status":"publish","type":"page","link":"https:\/\/cuotagest.com\/web\/programa-academia\/","title":{"rendered":"Gesti\u00f3n Academias Cuotagest"},"content":{"rendered":"<h1 style=\"text-align: justify;\">\u00bfQu\u00e9 es Programa Gesti\u00f3n Academias Cuotagest?<\/h1>\n<p style=\"text-align: justify;\">Programa para academias Cuotagest <strong>es un software vers\u00e1til, usado para Academias, Peluquer\u00edas, Gimnasios, Asociaciones, Clubes, Talleres, Barberias\u00a0<\/strong> similares. Desarrollado para facilitar la <strong>gesti\u00f3n de recibos, socios, citas y matr\u00edculas.<\/strong> Adaptable y puede configurarse para este tipo de centros, pues maneja\u00a0 todos los aspectos de gesti\u00f3n de clientes (o socios), recibos, facturas, actividades, asistencia, etc.<\/p>\n<p style=\"text-align: justify;\">Es muy f\u00e1cil de usar e intuitivo. Permite la<strong> gesti\u00f3n de socios, clientes o alumnos<\/strong>. Con Programa Academia Cuotagest, puede controlar su academia, gimnasio, peluquer\u00eda, centro, club, y llevar un <strong>control de facturas <\/strong>o control de recibos de una manera muy eficaz, as\u00ed como otras caracter\u00edsticas muy importantes.<\/p>\n<div style=\"margin: 0px auto; text-align: justify;\">\n<figure id=\"attachment_509\" aria-describedby=\"caption-attachment-509\" style=\"width: 150px\" class=\"wp-caption alignleft\"><img loading=\"lazy\" decoding=\"async\" class=\"wp-image-509 size-thumbnail\" title=\"Programa Academia \" src=\"https:\/\/cuotagest.com\/web\/wp-content\/uploads\/2014\/10\/programa-para-academia-150x150.png\" alt=\"Programa Academia\" width=\"150\" height=\"150\" \/><figcaption id=\"caption-attachment-509\" class=\"wp-caption-text\">Programa Academia<br \/><a href=\"#\">Saber m\u00e1s<\/a><\/figcaption><\/figure>\n<figure id=\"attachment_504\" aria-describedby=\"caption-attachment-504\" style=\"width: 150px\" class=\"wp-caption alignleft\"><img loading=\"lazy\" decoding=\"async\" class=\"wp-image-504 size-thumbnail\" title=\"Programa Peluquer\u00eda \" src=\"https:\/\/cuotagest.com\/web\/wp-content\/uploads\/2014\/10\/programa_para_peluquerias-150x150.png\" alt=\"Programa Peluquer\u00eda \" width=\"150\" height=\"150\" srcset=\"https:\/\/cuotagest.com\/web\/wp-content\/uploads\/2014\/10\/programa_para_peluquerias-150x150.png 150w, https:\/\/cuotagest.com\/web\/wp-content\/uploads\/2014\/10\/programa_para_peluquerias-324x324.png 324w, https:\/\/cuotagest.com\/web\/wp-content\/uploads\/2014\/10\/programa_para_peluquerias-100x100.png 100w, https:\/\/cuotagest.com\/web\/wp-content\/uploads\/2014\/10\/programa_para_peluquerias-416x416.png 416w, https:\/\/cuotagest.com\/web\/wp-content\/uploads\/2014\/10\/programa_para_peluquerias-300x300.png 300w, https:\/\/cuotagest.com\/web\/wp-content\/uploads\/2014\/10\/programa_para_peluquerias.png 600w\" sizes=\"auto, (max-width: 150px) 100vw, 150px\" \/><figcaption id=\"caption-attachment-504\" class=\"wp-caption-text\">Programa Peluquer\u00eda <br \/><a href=\"#\">Saber m\u00e1s<\/a><\/figcaption><\/figure>\n<figure id=\"attachment_1326\" aria-describedby=\"caption-attachment-1326\" style=\"width: 150px\" class=\"wp-caption alignleft\"><img loading=\"lazy\" decoding=\"async\" class=\"wp-image-1326 size-thumbnail\" title=\"Programa Gimnasio Fitness\" src=\"https:\/\/cuotagest.com\/web\/wp-content\/uploads\/2014\/08\/programa-para-fitness-150x150.png\" alt=\"Programa para academia, peluqueria, gym, asociacion, club\" width=\"150\" height=\"150\" srcset=\"https:\/\/cuotagest.com\/web\/wp-content\/uploads\/2014\/08\/programa-para-fitness-150x150.png 150w, https:\/\/cuotagest.com\/web\/wp-content\/uploads\/2014\/08\/programa-para-fitness-324x324.png 324w, https:\/\/cuotagest.com\/web\/wp-content\/uploads\/2014\/08\/programa-para-fitness-100x100.png 100w, https:\/\/cuotagest.com\/web\/wp-content\/uploads\/2014\/08\/programa-para-fitness-416x416.png 416w, https:\/\/cuotagest.com\/web\/wp-content\/uploads\/2014\/08\/programa-para-fitness-300x300.png 300w, https:\/\/cuotagest.com\/web\/wp-content\/uploads\/2014\/08\/programa-para-fitness.png 600w\" sizes=\"auto, (max-width: 150px) 100vw, 150px\" \/><figcaption id=\"caption-attachment-1326\" class=\"wp-caption-text\">Programa Gimnasio Fitness<\/figcaption><\/figure>\n<\/div>\n<div style=\"clear: both;\"><\/div>\n<hr \/>\n<h2 style=\"text-align: justify;\">Caracter\u00edsticas del Programa Gesti\u00f3n Academias Cuotagest<\/h2>\n<figure id=\"attachment_768\" aria-describedby=\"caption-attachment-768\" style=\"width: 110px\" class=\"wp-caption alignright\"><img loading=\"lazy\" decoding=\"async\" class=\"wp-image-768 size-full\" title=\"Software para academia, peluqueria, gym, asociacion, club\" src=\"http:\/\/cuotagest.com\/web\/wp-content\/uploads\/2014\/09\/logo_softonic.png\" alt=\"Software para academia, peluqueria, gym, asociacion, club\" width=\"110\" height=\"109\" srcset=\"https:\/\/cuotagest.com\/web\/wp-content\/uploads\/2014\/09\/logo_softonic.png 110w, https:\/\/cuotagest.com\/web\/wp-content\/uploads\/2014\/09\/logo_softonic-100x100.png 100w\" sizes=\"auto, (max-width: 110px) 100vw, 110px\" \/><figcaption id=\"caption-attachment-768\" class=\"wp-caption-text\">Programa para academia. <b>Evaluado y testeado<\/b> por <a href=\"http:\/\/cuotagest.softonic.com\/\" target=\"_blank\" rel=\"noopener noreferrer\">Softonic<\/a><\/figcaption><\/figure>\n<ul style=\"text-align: justify;\">\n<li>Control de <strong>actividades<\/strong>: gesti\u00f3n de altas, bajas, horarios de las actividades, total de alumnos matr\u00edculados, etc.<\/li>\n<li>Gesti\u00f3n de <strong>socios \/ clientes \/ alumnos<\/strong>: altas, bajas, modificaciones\u2026 Controle a sus alumnos desde una \u00fanica ficha donde consultar todos sus datos.<\/li>\n<li>Gesti\u00f3n de <strong>recibos<\/strong> o <strong>facturas<\/strong>: recibos mensuales (o seg\u00fan periocidad), recibos pendientes de cobro, recibos cobrados. Un panel muy intuitivo donde consultar los recibos pendientes pulsando un s\u00f3lo bot\u00f3n.<\/li>\n<li>Gesti\u00f3n de <strong>matr\u00edculas<\/strong>: altas, bajas, bajas autom\u00e1ticas, descuentos en la m\u00e1tricula, etc.<\/li>\n<li>Gesti\u00f3n de <strong>citas<\/strong> o gesti\u00f3n de <strong>reservas<\/strong>: puede crear citas o reservas seg\u00fan las actividades de su centro. Adem\u00e1s puede cambiar el n\u00famero de reservas por hora, seg\u00fan la actividad (grupos, individuales,\u2026)<\/li>\n<li>Control de <strong>asistencia<\/strong>: realice el control de la asistencia al centro si lo desea, con un simple clic. Puede consultar las asistencias de los alumnos y decidir si contactar con \u00e9l.<\/li>\n<li>Previsi\u00f3n de <strong>ingresos<\/strong>: el programa de academia realiza una estimaci\u00f3n de los ingresos que obtendr\u00e1, adem\u00e1s de indicarle los ingresos obtenidos hasta la fecha, mostrando gr\u00e1ficas de gran inter\u00e9s.<\/li>\n<li>Control de <strong>caja<\/strong> o <strong>TPV<\/strong>: hemos creado un panel para usarlo como TPV y realizar ventas directas, sin asociarlas a ning\u00fan cliente.<\/li>\n<li>Control de <strong>accesos<\/strong>: Tan sencillo como usar el bot\u00f3n derecho del rat\u00f3n sobre un cliente.<\/li>\n<li>Gesti\u00f3n de <strong>informes<\/strong> o impresiones: Los <a title=\"Informe: Listado de socios con matr\u00edculas activas, clasificadas por actividades\" href=\"http:\/\/cuotagest.com\/web\/producto\/informe-listado-de-socios-con-matriculas-activas-clasificadas-por-actividades\/\">informes<\/a> extra pueden agregarse al programa para dar mayor versatilidad.<\/li>\n<li><strong>Copias de seguridad:<\/strong> puede realizar copias de seguridad en la nube o en un dispositivo externo.<\/li>\n<li><strong>Multiusuario<\/strong>: administradores o usuarios con restricciones. Puede hacer que un trabajador s\u00f3lo cobre recibos y no pueda realizar matr\u00edculas, etc.<\/li>\n<li><strong>Multidioma y personalizable<\/strong>: gracias a los diccionarios podr\u00e1 personalizar el programa y los textos que aparecen en \u00e9l.<\/li>\n<\/ul>\n<p style=\"text-align: justify;\">Por su versatilidad y sencillez, se puede usar en: <strong>centros de est\u00e9tica<\/strong>, gimnasios, comunidades, clubes de juegos de mesa, clubes o asociaciones, peluquer\u00edas, <strong>talleres<\/strong>, <strong>dentistas<\/strong>, bufetes de abogados, etc.<\/p>\n<p style=\"text-align: justify;\">Gesti\u00f3n Integral de <strong>clientes<\/strong>, <strong>recibos<\/strong>, <strong>matr\u00edculas<\/strong>, <strong>citas<\/strong> o <strong>reservas<\/strong>, control de <strong>asistencia<\/strong> y previsi\u00f3n de <strong>ingresos<\/strong>.<\/p>\n<h2 style=\"text-align: justify;\">Requisitos del Programa Academia Cuotagest<\/h2>\n<p style=\"text-align: justify;\">Un ordenador con <strong>Windows<\/strong>, as\u00ed de simple. Funciona en<span style=\"text-decoration: underline;\"> todas las versiones<\/span> (<a href=\"http:\/\/cuotagest.com\/web\/contactar\/\">cons\u00faltenos<\/a> si no puede realizar la instalaci\u00f3n). <strong>No<\/strong> necesita tener conexi\u00f3n a Internet.<\/p>\n<h2 style=\"text-align: justify;\">Descargar el Programa Academia Cuotagest<\/h2>\n<p style=\"text-align: justify;\">Descarga el programa para centros\u00a0aqu\u00ed abajo. Si tienes dudas o no sabes como instalarlo, <a title=\"Contactar\" href=\"http:\/\/cuotagest.com\/web\/contactar\/\" target=\"_blank\" rel=\"noopener noreferrer\">contacta con nosotros<\/a> y estaremos encantados de ayudarte.<\/p>\n<p><span class=\"Apple-converted-space\"><div class='w3eden'><!-- WPDM Link Template: Default Template -->\n\n<div class=\"link-template-default card mb-2\">\n    <div class=\"card-body\">\n        <div class=\"media\">\n            <div class=\"mr-3 img-48\"><img decoding=\"async\" class=\"wpdm_icon\" alt=\"Icono\"   src=\"https:\/\/cuotagest.com\/web\/wp-content\/plugins\/download-manager\/assets\/file-type-icons\/download2.png\" \/><\/div>\n            <div class=\"media-body\">\n                <h3 class=\"package-title\"><a href=\"https:\/\/cuotagest.com\/web\/download\/software-cuotagest\/\">Software Cuotagest v19.10.1<\/a><\/h3>\n                <div class=\"text-muted text-small\"><i class=\"fas fa-copy\"><\/i> 1 archivo(s) <i class=\"fas fa-hdd ml-3\"><\/i> 25.8 MB<\/div>\n            <\/div>\n            <div class=\"ml-3\">\n                <a href='#unlock' class='wpdm-download-link wpdm-download-locked btn btn-primary ' data-package='4143'>Descargar<\/a>\n            <\/div>\n        <\/div>\n    <\/div>\n<\/div>\n\n<\/div><\/span><\/p>\n<h2 style=\"text-align: justify;\">Precio Programa Academia Cuotagest<\/h2>\n<p style=\"text-align: justify;\">El precio del Programa Academia Cuotagest<strong> es gratis<\/strong> para probarlo 1 mes y si te convence, despu\u00e9s puedes consultar el precio aqu\u00ed.<\/p>\n<p style=\"text-align: justify;\">Cuando adquiere una licencia, tendr\u00e1 todo los servicios de Cuotagest: <strong>soporte<\/strong>, <strong>actualizaciones<\/strong>, <strong>copias de seguridad<\/strong> en la nube, recomendaciones, <strong>descuentos<\/strong>, etc. No necesita pagar nada m\u00e1s. (salvo informes extras)<\/p>\n<h2 style=\"text-align: justify;\">\u00bfQui\u00e9nes lo usan?<\/h2>\n<p style=\"text-align: justify;\">Este Programa Academia Cuotagest,\u00a0 sirve para la gesti\u00f3n de los clientes, recibos, citas o reserva, etc. Sirve para gestionar centros de fitness, academias, peluquer\u00edas, academias de baile, club de socios&#8230; \u00bfQuieres ver algunos de nuestros <strong>clientes<\/strong>? entonces\u00a0<a title=\"Clientes\" href=\"http:\/\/cuotagest.com\/web\/clientes\/\" target=\"_blank\" rel=\"noopener noreferrer\">pulsa aqu\u00ed<\/a>.<\/p>\n<p style=\"text-align: justify;\">Cuotagest dispone de los <strong>diccionarios<\/strong>: archivos de traducci\u00f3n <strong>donde se pueden personalizar los textos<\/strong> para <strong>adaptarlo<\/strong> a su negocio. Puede encontrar la informaci\u00f3n consultando el\u00a0 <a href=\"https:\/\/cuotagest.com\/web\/manual\/\" target=\"_blank\" rel=\"noopener noreferrer\">manual del programa<\/a>\u00a0para academias y centros.<\/p>\n<p style=\"text-align: justify;\">Si tienes un ordenador con <strong>Windows<\/strong>, este es tu programa para gestionar recibos y socios.<\/p>\n<h2 style=\"text-align: justify;\">\u00bfQuieres descuentos en tu Programa Academia Cuotagest?<\/h2>\n<p style=\"text-align: justify;\">Para estar informado de las <strong>actualizaciones del programa<\/strong> para academia, peluqueria, gym, asociacion, club&#8230; simplemente <strong><a href=\"http:\/\/cuotagest.com\/web\/newsletter\/\" target=\"_blank\" rel=\"noopener noreferrer\">reg\u00edstrese en el bolet\u00edn<\/a><\/strong> y mant\u00e9ngase al d\u00eda.<\/p>\n<p style=\"text-align: justify;\">Ahora, si traes un amig@, tendr\u00e1s un <strong>descuento<\/strong> para t\u00ed y tu contacto en la compra o renovaci\u00f3n de la licencia. Si tienes varios centros, tambi\u00e9n puedes contactar para negociar el precio y recibir el cup\u00f3n de descuento.<\/p>\n<p style=\"text-align: justify;\">Intentamos que sea lo m\u00e1s f\u00e1cil para el usuario. Adem\u00e1s incluye un <strong>sistema de soporte<\/strong> de comunicaci\u00f3n con el cliente, para que pueda contactar con nosotros usando un <strong>sistema de tickets<\/strong> (desde el propio programa). O si lo prefieres, d\u00e9janos tu t\u00e9lefono y te llamaremos.<\/p>\n<p style=\"text-align: justify;\">Este programa permite la gesti\u00f3n de academias, gimnasios, asociaciones, centros fitness, centros de tatuaje (programa para centros tatuaje), cl\u00ednicas, clubes, asociaciones, mancomunidades, centros de fisioterapia, etc.<\/p>\n<p style=\"text-align: justify;\">Cualquier persona que desee llevar el control de<strong> recibos\/facturas<\/strong> de un centro, ya sean <strong>recibos mensuales<\/strong> o recibos independientes. Tambi\u00e9n aquellos usuarios que deseen <strong>controlar el acceso<\/strong> o <strong>asistencia<\/strong> al centro. Crear <strong>citas o reservas<\/strong> para las actividades.<\/p>\n<p style=\"text-align: justify;\">Permite la creaci\u00f3n de <strong>tarifas planas<\/strong> o <strong>matriculaciones<\/strong> (mensuales, bimestrales, semestrales, anuales, etc.)<\/p>\n<p style=\"text-align: justify;\">Puede descargar la <a title=\"Descargar\" href=\"http:\/\/cuotagest.com\/web\/descargar\/\"><strong>Demo gratis<\/strong><\/a> y as\u00ed ver su funcionamiento antes de decidir comprar una\u00a0licencia.<\/p>\n","protected":false},"excerpt":{"rendered":"<p>\u00bfQu\u00e9 es Programa Gesti\u00f3n Academias Cuotagest? Programa para academias Cuotagest es un software vers\u00e1til, usado para Academias, Peluquer\u00edas, Gimnasios, Asociaciones, Clubes, Talleres, Barberias\u00a0 similares. Desarrollado para facilitar la gesti\u00f3n de recibos, socios, citas y matr\u00edculas. Adaptable y puede configurarse para este tipo de centros, pues maneja\u00a0 todos los aspectos de gesti\u00f3n de clientes (o socios), [&hellip;]<\/p>\n","protected":false},"author":1,"featured_media":0,"parent":0,"menu_order":0,"comment_status":"closed","ping_status":"closed","template":"","meta":{"footnotes":""},"class_list":["post-1539","page","type-page","status-publish","hentry"],"_links":{"self":[{"href":"https:\/\/cuotagest.com\/web\/wp-json\/wp\/v2\/pages\/1539","targetHints":{"allow":["GET"]}}],"collection":[{"href":"https:\/\/cuotagest.com\/web\/wp-json\/wp\/v2\/pages"}],"about":[{"href":"https:\/\/cuotagest.com\/web\/wp-json\/wp\/v2\/types\/page"}],"author":[{"embeddable":true,"href":"https:\/\/cuotagest.com\/web\/wp-json\/wp\/v2\/users\/1"}],"replies":[{"embeddable":true,"href":"https:\/\/cuotagest.com\/web\/wp-json\/wp\/v2\/comments?post=1539"}],"version-history":[{"count":14,"href":"https:\/\/cuotagest.com\/web\/wp-json\/wp\/v2\/pages\/1539\/revisions"}],"predecessor-version":[{"id":9887,"href":"https:\/\/cuotagest.com\/web\/wp-json\/wp\/v2\/pages\/1539\/revisions\/9887"}],"wp:attachment":[{"href":"https:\/\/cuotagest.com\/web\/wp-json\/wp\/v2\/media?parent=1539"}],"curies":[{"name":"wp","href":"https:\/\/api.w.org\/{rel}","templated":true}]}}