{"id":1690,"date":"2016-11-07T07:28:39","date_gmt":"2016-11-07T05:28:39","guid":{"rendered":"http:\/\/cuotagest.com\/web\/?page_id=1690"},"modified":"2024-02-01T21:03:12","modified_gmt":"2024-02-01T19:03:12","slug":"precio-software-cuotagest","status":"publish","type":"page","link":"https:\/\/cuotagest.com\/web\/shop\/precio-software-cuotagest\/","title":{"rendered":"Precio Software Cuotagest"},"content":{"rendered":"<h2 style=\"text-align: justify;\">Precio Software Cuotagest: Academia, Gimnasio o Gym, Peluqueria, Barberia, Fitness, Club, etc<\/h2>\n<p style=\"text-align: justify;\">Ponemos a su disposici\u00f3n las licencias: <a href=\"https:\/\/cuotagest.com\/web\/product\/licencia-cuotagest-3-meses\/\"><strong>3 meses<\/strong><\/a>, <a href=\"https:\/\/cuotagest.com\/web\/product\/licencia-cuotagest-6-meses\/\"><strong>6 meses<\/strong><\/a> o de <a href=\"https:\/\/cuotagest.com\/web\/product\/licencia-cuotagest-12-meses\/\"><strong>12 meses<\/strong><\/a>.<\/p>\n<p style=\"text-align: justify;\">El precio Software Cuotagest s\u00f3lo se diferencia en el <span style=\"text-decoration: underline;\"><strong>n\u00famero de clientes<\/strong><\/span> que puede gestionar el programa. En Cuotagest pensamos que <span style=\"text-decoration: underline;\"><strong>todas las opciones y actualizaciones deben estar disponible para usted<\/strong><\/span>. Damos <strong>soporte<\/strong>, <strong>copias de seguridad<\/strong> y <strong>mantenimiento<\/strong> a TODOS nuestros clientes.<\/p>\n<h2 style=\"text-align: justify;\"><b>Estos precios son v\u00e1lidos hasta final de<\/b><span style=\"color: #ff0000;\"> 2024<b><\/b><\/span><b>.\u00a0<\/b><\/h2>\n<hr \/>\n<figure id=\"attachment_509\" aria-describedby=\"caption-attachment-509\" style=\"width: 150px\" class=\"wp-caption alignleft\"><img loading=\"lazy\" decoding=\"async\" class=\"wp-image-509 size-thumbnail\" title=\"Precio Software\" src=\"https:\/\/cuotagest.com\/web\/wp-content\/uploads\/2014\/10\/programa-para-academia-150x150.png\" alt=\"Precio Software\" width=\"150\" height=\"150\" \/><figcaption id=\"caption-attachment-509\" class=\"wp-caption-text\">Software para Academia<\/figcaption><\/figure>\n<figure id=\"attachment_504\" aria-describedby=\"caption-attachment-504\" style=\"width: 150px\" class=\"wp-caption alignleft\"><img loading=\"lazy\" decoding=\"async\" class=\"wp-image-504 size-thumbnail\" title=\"Precio Software\" src=\"https:\/\/cuotagest.com\/web\/wp-content\/uploads\/2014\/10\/programa_para_peluquerias-150x150.png\" alt=\"Precio Software\" width=\"150\" height=\"150\" srcset=\"https:\/\/cuotagest.com\/web\/wp-content\/uploads\/2014\/10\/programa_para_peluquerias-150x150.png 150w, https:\/\/cuotagest.com\/web\/wp-content\/uploads\/2014\/10\/programa_para_peluquerias-324x324.png 324w, https:\/\/cuotagest.com\/web\/wp-content\/uploads\/2014\/10\/programa_para_peluquerias-100x100.png 100w, https:\/\/cuotagest.com\/web\/wp-content\/uploads\/2014\/10\/programa_para_peluquerias-416x416.png 416w, https:\/\/cuotagest.com\/web\/wp-content\/uploads\/2014\/10\/programa_para_peluquerias-300x300.png 300w, https:\/\/cuotagest.com\/web\/wp-content\/uploads\/2014\/10\/programa_para_peluquerias.png 600w\" sizes=\"auto, (max-width: 150px) 100vw, 150px\" \/><figcaption id=\"caption-attachment-504\" class=\"wp-caption-text\">Software para Peluqueria<\/figcaption><\/figure>\n<figure id=\"attachment_158\" aria-describedby=\"caption-attachment-158\" style=\"width: 150px\" class=\"wp-caption alignleft\"><img loading=\"lazy\" decoding=\"async\" class=\"wp-image-158 size-thumbnail\" title=\"Precio Software\" src=\"https:\/\/cuotagest.com\/web\/wp-content\/uploads\/2014\/08\/caja_cuotagest20141-150x150.png\" alt=\"Precio Software\" width=\"150\" height=\"150\" \/><figcaption id=\"caption-attachment-158\" class=\"wp-caption-text\">Software para Gimnasio o Centros Fitness<\/figcaption><\/figure>\n<div style=\"clear: both; text-align: justify;\"><\/div>\n<hr \/>\n<p style=\"text-align: justify;\">Software Academias <strong>Gratis<\/strong>: Si es usted un nuevo cliente, puede <strong>descargar el programa y probarlo sin compromiso<\/strong>. Despu\u00e9s podr\u00e1 decidir si desea adquirir la licencia y liberar el programa con todas sus funciones.<\/p>\n<h2 style=\"text-align: justify;\">A continuaci\u00f3n mostramos los precios para 12 meses.<\/h2>\n<p style=\"text-align: justify;\">La tabla de precios no existe. Por favor, revisa tu shortcode.<\/p>\n<h2 style=\"text-align: justify;\">Descargar el Software Cuotagest<\/h2>\n<p style=\"text-align: justify;\"><span class=\"Apple-converted-space\"><div class='w3eden'><!-- WPDM Link Template: Default Template -->\n\n<div class=\"link-template-default card mb-2\">\n    <div class=\"card-body\">\n        <div class=\"media\">\n            <div class=\"mr-3 img-48\"><img decoding=\"async\" class=\"wpdm_icon\" alt=\"Icono\"   src=\"https:\/\/cuotagest.com\/web\/wp-content\/plugins\/download-manager\/assets\/file-type-icons\/download2.png\" \/><\/div>\n            <div class=\"media-body\">\n                <h3 class=\"package-title\"><a href='https:\/\/cuotagest.com\/web\/download\/software-cuotagest\/'>Software Cuotagest v19.10.1<\/a><\/h3>\n                <div class=\"text-muted text-small\"><i class=\"fas fa-copy\"><\/i> 1 archivo(s) <i class=\"fas fa-hdd ml-3\"><\/i> 25.8 MB<\/div>\n            <\/div>\n            <div class=\"ml-3\">\n                <a href='#unlock' class='wpdm-download-link wpdm-download-locked btn btn-primary ' data-package='4143'>Descargar<\/a>\n            <\/div>\n        <\/div>\n    <\/div>\n<\/div>\n\n<\/div><\/span><\/p>\n","protected":false},"excerpt":{"rendered":"<p>Precio Software Cuotagest: Academia, Gimnasio o Gym, Peluqueria, Barberia, Fitness, Club, etc Ponemos a su disposici\u00f3n las licencias: 3 meses, 6 meses o de 12 meses. El precio Software Cuotagest s\u00f3lo se diferencia en el n\u00famero de clientes que puede gestionar el programa. En Cuotagest pensamos que todas las opciones y actualizaciones deben estar disponible [&hellip;]<\/p>\n","protected":false},"author":1,"featured_media":0,"parent":4,"menu_order":0,"comment_status":"closed","ping_status":"closed","template":"templates\/page-gullwidth.php","meta":{"footnotes":""},"class_list":["post-1690","page","type-page","status-publish","hentry"],"_links":{"self":[{"href":"https:\/\/cuotagest.com\/web\/wp-json\/wp\/v2\/pages\/1690","targetHints":{"allow":["GET"]}}],"collection":[{"href":"https:\/\/cuotagest.com\/web\/wp-json\/wp\/v2\/pages"}],"about":[{"href":"https:\/\/cuotagest.com\/web\/wp-json\/wp\/v2\/types\/page"}],"author":[{"embeddable":true,"href":"https:\/\/cuotagest.com\/web\/wp-json\/wp\/v2\/users\/1"}],"replies":[{"embeddable":true,"href":"https:\/\/cuotagest.com\/web\/wp-json\/wp\/v2\/comments?post=1690"}],"version-history":[{"count":25,"href":"https:\/\/cuotagest.com\/web\/wp-json\/wp\/v2\/pages\/1690\/revisions"}],"predecessor-version":[{"id":9552,"href":"https:\/\/cuotagest.com\/web\/wp-json\/wp\/v2\/pages\/1690\/revisions\/9552"}],"up":[{"embeddable":true,"href":"https:\/\/cuotagest.com\/web\/wp-json\/wp\/v2\/pages\/4"}],"wp:attachment":[{"href":"https:\/\/cuotagest.com\/web\/wp-json\/wp\/v2\/media?parent=1690"}],"curies":[{"name":"wp","href":"https:\/\/api.w.org\/{rel}","templated":true}]}}