{"id":1756,"date":"2016-11-09T05:04:52","date_gmt":"2016-11-09T03:04:52","guid":{"rendered":"http:\/\/cuotagest.com\/web\/?page_id=1756"},"modified":"2019-10-08T18:44:59","modified_gmt":"2019-10-08T16:44:59","slug":"formatos-de-impresion","status":"publish","type":"page","link":"https:\/\/cuotagest.com\/web\/software-academias\/formatos-de-impresion\/","title":{"rendered":"Formatos de impresi\u00f3n"},"content":{"rendered":"<p style=\"text-align: justify;\"><span style=\"color: #ff0000;\"><strong>NOTA: Desde la versi\u00f3n 16, no es necesario descargar los formatos de impresi\u00f3n. Est\u00e1n incluidos dentro del programa. Si el programa no dispone de un listado espec\u00edfico, puede pedirnos informaci\u00f3n para obtener un listado. Ej.: listado de clientes clasificados por actividades (ya incluido en Cuotagest v19)<\/strong><\/span><\/p>\n<p style=\"text-align: justify;\">Aqu\u00ed puede descargar los diferentes formatos para imprimir con el programa Cuotagest. Deber\u00e1 sustituir los archivos descargados seg\u00fan las siguientes instrucciones.<\/p>\n<h2 style=\"text-align: justify;\">Formatos de impresi\u00f3n: tama\u00f1os<\/h2>\n<p style=\"text-align: justify;\">Los tama\u00f1os de impresi\u00f3n se han clasificados en L, XL, y XXL, siendo el tama\u00f1o aproximado de 7, 10 y 21 cm respectivamente, tal y como se muestran a continuaci\u00f3n:<\/p>\n<hr \/>\n<figure id=\"attachment_1801\" aria-describedby=\"caption-attachment-1801\" style=\"width: 809px\" class=\"wp-caption aligncenter\"><img loading=\"lazy\" decoding=\"async\" class=\"wp-image-1801 size-full\" src=\"http:\/\/cuotagest.com\/web\/wp-content\/uploads\/2016\/11\/bill_XXL.png\" alt=\"Tama\u00f1o XXL\" width=\"809\" height=\"298\" srcset=\"https:\/\/cuotagest.com\/web\/wp-content\/uploads\/2016\/11\/bill_XXL.png 809w, https:\/\/cuotagest.com\/web\/wp-content\/uploads\/2016\/11\/bill_XXL-416x153.png 416w, https:\/\/cuotagest.com\/web\/wp-content\/uploads\/2016\/11\/bill_XXL-300x111.png 300w, https:\/\/cuotagest.com\/web\/wp-content\/uploads\/2016\/11\/bill_XXL-768x283.png 768w\" sizes=\"auto, (max-width: 809px) 100vw, 809px\" \/><figcaption id=\"caption-attachment-1801\" class=\"wp-caption-text\"><strong>Tama\u00f1o XXL<\/strong><\/figcaption><\/figure>\n<div class=\"rl-gallery-container rl-loading\" id=\"rl-gallery-container-1\" data-gallery_id=\"4223\"> <div class=\"rl-gallery rl-basicgrid-gallery \" id=\"rl-gallery-1\" data-gallery_no=\"1\"> <div class=\"rl-gallery-item\"><a href=\"https:\/\/cuotagest.com\/web\/wp-content\/uploads\/2017\/05\/invoice_XXL.png\" title=\"\" data-rl_title=\"\" class=\"rl-gallery-link\" data-rl_caption=\"\" data-rel=\"lightbox-gallery-1\"><img loading=\"lazy\" decoding=\"async\" src=\"https:\/\/cuotagest.com\/web\/wp-content\/uploads\/2017\/05\/invoice_XXL-300x150.png\" width=\"300\" height=\"150\" alt=\"\" \/><\/a><\/div><div class=\"rl-gallery-item\"><a href=\"https:\/\/cuotagest.com\/web\/wp-content\/uploads\/2017\/05\/invoice_XL.png\" title=\"\" data-rl_title=\"\" class=\"rl-gallery-link\" data-rl_caption=\"\" data-rel=\"lightbox-gallery-1\"><img loading=\"lazy\" decoding=\"async\" src=\"https:\/\/cuotagest.com\/web\/wp-content\/uploads\/2017\/05\/invoice_XL-300x213.png\" width=\"300\" height=\"213\" alt=\"Formato Factura XL\" \/><\/a><\/div><div class=\"rl-gallery-item\"><a href=\"https:\/\/cuotagest.com\/web\/wp-content\/uploads\/2017\/05\/invoice_L.png\" title=\"\" data-rl_title=\"\" class=\"rl-gallery-link\" data-rl_caption=\"\" data-rel=\"lightbox-gallery-1\"><img loading=\"lazy\" decoding=\"async\" src=\"https:\/\/cuotagest.com\/web\/wp-content\/uploads\/2017\/05\/invoice_L-300x204.png\" width=\"300\" height=\"204\" alt=\"Formato Factura L\" \/><\/a><\/div> <\/div> <\/div>\n<hr \/>\n<h2 style=\"text-align: justify;\">Como realizar el cambio<\/h2>\n<p style=\"text-align: justify;\">Para sustituir un formato de impresi\u00f3n en el programa Cuotagest, usted debe realizar los siguientes pasos:<\/p>\n<ol style=\"text-align: justify;\">\n<li><strong>Descargue <\/strong>el archivo comprimido a vuestro ordenador en primer lugar. (Por ejemplo:<strong> bill_v15.zip<\/strong>)<\/li>\n<li><strong>Descomprima<\/strong> el archivo descargado y vea el contenido del mismo.<\/li>\n<li><strong>Elija<\/strong> uno de los archivos que encontrar\u00e1, con el nombre seg\u00fan los <strong>formatos<\/strong> disponibles _L, _XL, _XXL.<\/li>\n<li>\u00a0<strong>Renombre<\/strong> el archivo eliminando los caracteres finales &#8216;_L&#8217;, &#8216;_XL&#8217;, &#8216;_XXL&#8217;.\u00a0 Ejemplo: &#8216;<strong>nombre<em>_XL<\/em>.<\/strong>rpt&#8217;\u00a0\u00a0 &#8212;-&gt;\u00a0\u00a0\u00a0 &#8216;<strong>nombre<\/strong>.rpt&#8217;<\/li>\n<li><strong>Sustituya<\/strong> el archivo original dentro de la carpeta de instalaci\u00f3n del programa, por defecto ubicada en <em>c:\/archivos de programa\/cuotagestv??\/<\/em><\/li>\n<\/ol>\n<h2 style=\"text-align: justify;\">Formatos disponibles<\/h2>\n<p style=\"text-align: justify;\"><div class='w3eden'>\n    <div class=''>\n\n        <form method=\"get\" class=\"\" data-container=\"#content_wpdm_package_1\" id=\"sc_form_wpdm_package_1\" style=\"margin-bottom: 15px\">\n    \n            <div class=\"card panel panel-default wpdm-shortcode-toolbar\">\n                <div class=\"card-body panel-body\">\n                    <div class=\"row\">\n                        <div class=\"col-lg-6 col-md-12\">\n                            <input type=\"search\" name=\"skw\" value=\"\" placeholder=\"Buscar palabra clave\u2026\" class=\"form-control\" \/>\n                        <\/div>\n                        <div class=\"col-lg-2 col-md-4\">\n                            <select name=\"orderby\" class=\"wpdm-custom-select custom-select\">\n                                <option value=\"date\" disabled=\"disabled\">Ordenar por:<\/option>\n                                <option value=\"date\" >Fecha de publicaci\u00f3n<\/option>\n                                <option value=\"title\" >T\u00edtulo<\/option>\n                                <option value=\"update_date\" >Fecha de actualizaci\u00f3n<\/option>\n                                <option value=\"downloads\" >Descargas<\/option>\n                                <option value=\"views\" >Visitas<\/option>\n                            <\/select>\n                        <\/div>\n                        <div class=\"col-lg-2 col-md-4\">\n                            <select name=\"order\" class=\"wpdm-custom-select custom-select\">\n                                <option value=\"desc\" disabled=\"disabled\">Orden:<\/option>\n                                <option value=\"desc\" >Descendente<\/option>\n                                <option value=\"asc\" >Ascendente<\/option>\n                            <\/select>\n                        <\/div>\n                        <div class=\"col-lg-2 col-md-4\">\n                            <button type=\"submit\" class=\"btn btn-info btn-block\">Aplicar el filtro<\/button>\n                        <\/div>\n                    <\/div>\n                <\/div>\n            <\/div>\n\n            <\/form>\n<div class=\"spacer mb-3 d-block clearfix\"><\/div>\n\n        <div id=\"content_wpdm_package_1\">\n            <div class='row'><div class='col-md-12'>\u00a1No se encontraron descargas!<\/div><\/div>            <div style='clear:both'><\/div><div class='text-center'><ul class='pagination wpdm-pagination pagination-centered text-center'><\/ul><\/div><div style='clear:both'><\/div>        <\/div>\n\n        <div style='clear:both'><\/div>\n    <\/div>\n<\/div>\n<\/p>\n<h4 style=\"text-align: justify;\">NOTA: Mezclar los archivos entre diferentes versiones pueden ocasionar errores de impresi\u00f3n. Esto es debido a que las nuevas versiones imprimen mayor informaci\u00f3n que las versiones antiguas. Cons\u00faltenos si tiene alguna duda.<\/h4>\n","protected":false},"excerpt":{"rendered":"<p>NOTA: Desde la versi\u00f3n 16, no es necesario descargar los formatos de impresi\u00f3n. Est\u00e1n incluidos dentro del programa. Si el programa no dispone de un listado espec\u00edfico, puede pedirnos informaci\u00f3n para obtener un listado. Ej.: listado de clientes clasificados por actividades (ya incluido en Cuotagest v19) Aqu\u00ed puede descargar los diferentes formatos para imprimir con [&hellip;]<\/p>\n","protected":false},"author":1,"featured_media":0,"parent":577,"menu_order":0,"comment_status":"closed","ping_status":"closed","template":"","meta":{"footnotes":""},"class_list":["post-1756","page","type-page","status-publish","hentry"],"_links":{"self":[{"href":"https:\/\/cuotagest.com\/web\/wp-json\/wp\/v2\/pages\/1756","targetHints":{"allow":["GET"]}}],"collection":[{"href":"https:\/\/cuotagest.com\/web\/wp-json\/wp\/v2\/pages"}],"about":[{"href":"https:\/\/cuotagest.com\/web\/wp-json\/wp\/v2\/types\/page"}],"author":[{"embeddable":true,"href":"https:\/\/cuotagest.com\/web\/wp-json\/wp\/v2\/users\/1"}],"replies":[{"embeddable":true,"href":"https:\/\/cuotagest.com\/web\/wp-json\/wp\/v2\/comments?post=1756"}],"version-history":[{"count":27,"href":"https:\/\/cuotagest.com\/web\/wp-json\/wp\/v2\/pages\/1756\/revisions"}],"predecessor-version":[{"id":4239,"href":"https:\/\/cuotagest.com\/web\/wp-json\/wp\/v2\/pages\/1756\/revisions\/4239"}],"up":[{"embeddable":true,"href":"https:\/\/cuotagest.com\/web\/wp-json\/wp\/v2\/pages\/577"}],"wp:attachment":[{"href":"https:\/\/cuotagest.com\/web\/wp-json\/wp\/v2\/media?parent=1756"}],"curies":[{"name":"wp","href":"https:\/\/api.w.org\/{rel}","templated":true}]}}