{"id":2117,"date":"2024-02-16T23:01:50","date_gmt":"2024-02-16T21:01:50","guid":{"rendered":"https:\/\/cuotagest.com\/web\/?page_id=2117"},"modified":"2024-02-16T23:01:51","modified_gmt":"2024-02-16T21:01:51","slug":"software-spa","status":"publish","type":"page","link":"https:\/\/cuotagest.com\/web\/software-spa\/","title":{"rendered":"Software Spa"},"content":{"rendered":"<h1 style=\"text-align: justify;\">\u00bfQu\u00e9 es Software Spa Cuotagest?<\/h1>\n<h1 style=\"text-align: justify;\"><img loading=\"lazy\" decoding=\"async\" class=\"wp-image-2123 size-medium alignright\" title=\"Software Spa\" src=\"https:\/\/cuotagest.com\/web\/wp-content\/uploads\/2017\/07\/software-spa-300x300.png\" alt=\"Software Spa\" width=\"300\" height=\"300\" srcset=\"https:\/\/cuotagest.com\/web\/wp-content\/uploads\/2017\/07\/software-spa-300x300.png 300w, https:\/\/cuotagest.com\/web\/wp-content\/uploads\/2017\/07\/software-spa-324x324.png 324w, https:\/\/cuotagest.com\/web\/wp-content\/uploads\/2017\/07\/software-spa-100x100.png 100w, https:\/\/cuotagest.com\/web\/wp-content\/uploads\/2017\/07\/software-spa-416x416.png 416w, https:\/\/cuotagest.com\/web\/wp-content\/uploads\/2017\/07\/software-spa-150x150.png 150w, https:\/\/cuotagest.com\/web\/wp-content\/uploads\/2017\/07\/software-spa.png 600w\" sizes=\"auto, (max-width: 300px) 100vw, 300px\" \/><\/h1>\n<p style=\"text-align: justify;\">Cuotagest \u00b7 Software Spa , es un Programa Spa adaptado para el control de clientes, recibos, reservas, etc. Sirve tanto para centros Spa como Sal\u00f3n de Belleza.<\/p>\n<p style=\"text-align: justify;\">Es un programa de gesti\u00f3n de Spa muy <strong>f\u00e1cil de utilizar<\/strong>. El Software Spa Cuotagest le ahorrar\u00e1 tiempo. Puede <strong>controlar los recibos<\/strong> o facturas del Spa, <strong>registrar las visitas al centro<\/strong>, realizar el control de citas o reservas al Spa o incluso<strong> crear tarifas planas<\/strong> para sus socios.<\/p>\n<p style=\"text-align: justify;\">No es necesario conocimientos de inform\u00e1tica. El Software Spa Cuotagest, est\u00e1 dise\u00f1ado para que la utilizaci\u00f3n del programa sea sencilla, y sus iconos principales le facilitar\u00e1n la gesti\u00f3n del Spa.<\/p>\n<p style=\"text-align: justify;\">Con un solo click podr\u00e1 ver el listado de actividades, recibos o facturas pendientes, clientes, etc.<\/p>\n<h1 style=\"text-align: justify;\">\u00bfQui\u00e9nes usan Cuotagest \u00b7 Software Spa?<\/h1>\n<p style=\"text-align: justify;\">El programa para Spa Cuotagest es usado por Centros Spa, Centros Wellness o similares. Permite la gesti\u00f3n de los clientes, recibos, citas o reserva, etc.<\/p>\n<p style=\"text-align: justify;\">Dada su versatilidad, sirve como Software Fitness, Software Salon Belleza, Software Club de Socios\u2026 \u00bfQuieres ver algunos de nuestros <strong>clientes<\/strong>? entonces\u00a0<a title=\"Clientes\" href=\"https:\/\/cuotagest.com\/web\/clientes\/\" target=\"_blank\" rel=\"noopener noreferrer\">pulsa aqu\u00ed<\/a>.<\/p>\n<p style=\"text-align: justify;\">Cuotagest Software Spa, dispone de <strong>diccionarios<\/strong>: llamados archivos de traducci\u00f3n, <strong>donde se pueden personalizar los textos<\/strong> para <strong>adaptarlo<\/strong> a su sal\u00f3n o negocio. Puede encontrar la informaci\u00f3n acerca de los <a href=\"http:\/\/cuotagest.com\/manual\/personalizar_los_textos.html\" target=\"_blank\" rel=\"noopener noreferrer\">informes pulsando aqu\u00ed<\/a>.<\/p>\n<p style=\"text-align: justify;\">Si tienes un ordenador con <strong>Windows<\/strong>, este es tu programa para gestionar recibos y socios. <strong>No necesita Internet<\/strong> expresamente para funcionar, a diferencia de otros software del mismo tipo.<\/p>\n<h1 style=\"text-align: justify;\">\u00bfY si quiero probar el programa Software para Spa?<\/h1>\n<p style=\"text-align: justify;\">Cuando adquiere una licencia para el Software Spa, tendr\u00e1 todo los servicios: <strong>soporte<\/strong>, <strong>actualizaciones<\/strong>, <strong>copias de seguridad<\/strong> en la nube, recomendaciones, <strong>descuentos<\/strong>, etc. No necesita pagar nada m\u00e1s. (salvo informes extras)<\/p>\n<p style=\"text-align: justify;\">Puede <strong>probar gratis<\/strong> el <strong>Software Cuotagest<\/strong> simplemente descargando el archivo e instal\u00e1ndolo en su equipo. Solicite una licencia <strong>gratis para 3 meses<\/strong> y si le convence puede consultar los precios <a href=\"https:\/\/cuotagest.com\/web\/shop\/precio-software-cuotagest\/\">aqu\u00ed mismo<\/a>.<\/p>\n<p style=\"text-align: justify;\"><span class=\"Apple-converted-space\"><div class='w3eden'><!-- WPDM Link Template: Default Template -->\n\n<div class=\"link-template-default card mb-2\">\n    <div class=\"card-body\">\n        <div class=\"media\">\n            <div class=\"mr-3 img-48\"><img decoding=\"async\" class=\"wpdm_icon\" alt=\"Icono\"   src=\"https:\/\/cuotagest.com\/web\/wp-content\/plugins\/download-manager\/assets\/file-type-icons\/download2.png\" \/><\/div>\n            <div class=\"media-body\">\n                <h3 class=\"package-title\"><a href='https:\/\/cuotagest.com\/web\/download\/software-cuotagest\/'>Software Cuotagest v19.10.1<\/a><\/h3>\n                <div class=\"text-muted text-small\"><i class=\"fas fa-copy\"><\/i> 1 archivo(s) <i class=\"fas fa-hdd ml-3\"><\/i> 25.8 MB<\/div>\n            <\/div>\n            <div class=\"ml-3\">\n                <a href='#unlock' class='wpdm-download-link wpdm-download-locked btn btn-primary ' data-package='4143'>Descargar<\/a>\n            <\/div>\n        <\/div>\n    <\/div>\n<\/div>\n\n<\/div><\/span><\/p>\n<h1 style=\"text-align: justify;\">Cuotagest \u00b7 Software Spa \u00b7 Videos<\/h1>\n<p><iframe loading=\"lazy\" src=\"https:\/\/www.youtube.com\/embed\/5Jefn9sW4sw\" width=\"854\" height=\"480\" frameborder=\"0\" allowfullscreen=\"allowfullscreen\"><\/iframe><\/p>\n<h1>\u00bfQuieres descuentos en tu Programa o Software de Spa?<\/h1>\n<p style=\"text-align: justify;\">Para estar informado de las <strong>actualizaciones del programa<\/strong> para Spa, simplemente <strong><a href=\"https:\/\/cuotagest.com\/web\/newsletter\/\" target=\"_blank\" rel=\"noopener noreferrer\">reg\u00edstrese en el bolet\u00edn<\/a><\/strong> y mant\u00e9ngase al d\u00eda.<\/p>\n<hr \/>\n<h5 style=\"text-align: justify;\">Hablamos de Software Spa, Software Gestion Spa, Software Control Spa, Programa Spa, Gestion Centros Spa, Software Spa Idioma, Software.<\/h5>\n<h5 style=\"text-align: justify;\">Web alojada en <a href=\"https:\/\/www.pymessoft.com\" target=\"_blank\" rel=\"noopener noreferrer\">Pymessoft.com<\/a><\/h5>\n","protected":false},"excerpt":{"rendered":"<p>\u00bfQu\u00e9 es Software Spa Cuotagest? Cuotagest \u00b7 Software Spa , es un Programa Spa adaptado para el control de clientes, recibos, reservas, etc. Sirve tanto para centros Spa como Sal\u00f3n de Belleza. Es un programa de gesti\u00f3n de Spa muy f\u00e1cil de utilizar. El Software Spa Cuotagest le ahorrar\u00e1 tiempo. Puede controlar los recibos o [&hellip;]<\/p>\n","protected":false},"author":1,"featured_media":0,"parent":0,"menu_order":0,"comment_status":"closed","ping_status":"closed","template":"","meta":{"footnotes":""},"class_list":["post-2117","page","type-page","status-publish","hentry"],"_links":{"self":[{"href":"https:\/\/cuotagest.com\/web\/wp-json\/wp\/v2\/pages\/2117","targetHints":{"allow":["GET"]}}],"collection":[{"href":"https:\/\/cuotagest.com\/web\/wp-json\/wp\/v2\/pages"}],"about":[{"href":"https:\/\/cuotagest.com\/web\/wp-json\/wp\/v2\/types\/page"}],"author":[{"embeddable":true,"href":"https:\/\/cuotagest.com\/web\/wp-json\/wp\/v2\/users\/1"}],"replies":[{"embeddable":true,"href":"https:\/\/cuotagest.com\/web\/wp-json\/wp\/v2\/comments?post=2117"}],"version-history":[{"count":8,"href":"https:\/\/cuotagest.com\/web\/wp-json\/wp\/v2\/pages\/2117\/revisions"}],"predecessor-version":[{"id":9558,"href":"https:\/\/cuotagest.com\/web\/wp-json\/wp\/v2\/pages\/2117\/revisions\/9558"}],"wp:attachment":[{"href":"https:\/\/cuotagest.com\/web\/wp-json\/wp\/v2\/media?parent=2117"}],"curies":[{"name":"wp","href":"https:\/\/api.w.org\/{rel}","templated":true}]}}