{"id":591,"date":"2014-12-13T17:01:21","date_gmt":"2014-12-13T17:01:21","guid":{"rendered":"http:\/\/cuotagest.com\/web\/?page_id=591"},"modified":"2026-01-05T20:55:01","modified_gmt":"2026-01-05T18:55:01","slug":"descargar-software-para-academia-peluqueria-gym-asociacion-club","status":"publish","type":"page","link":"https:\/\/cuotagest.com\/web\/descargar-software-para-academia-peluqueria-gym-asociacion-club\/","title":{"rendered":"Descargar Software para academia, peluqueria, gimnasios, asociaciones, clubes y m\u00e1s"},"content":{"rendered":"\n<p>Para poder instalar el programa, debe descargar software para academia, peluqueria, gym, asociacion, club siguiendo los siguientes pasos:<\/p>\n\n\n\n<div class=\"wp-block-media-text is-stacked-on-mobile\" style=\"grid-template-columns:15% auto\"><figure class=\"wp-block-media-text__media\"><img loading=\"lazy\" decoding=\"async\" width=\"256\" height=\"256\" src=\"https:\/\/cuotagest.com\/web\/wp-content\/uploads\/2014\/12\/descargar1.png\" alt=\"descargar software academias\" class=\"wp-image-863 size-full\" srcset=\"https:\/\/cuotagest.com\/web\/wp-content\/uploads\/2014\/12\/descargar1.png 256w, https:\/\/cuotagest.com\/web\/wp-content\/uploads\/2014\/12\/descargar1-100x100.png 100w, https:\/\/cuotagest.com\/web\/wp-content\/uploads\/2014\/12\/descargar1-200x200.png 200w, https:\/\/cuotagest.com\/web\/wp-content\/uploads\/2014\/12\/descargar1-150x150.png 150w\" sizes=\"auto, (max-width: 256px) 100vw, 256px\" \/><\/figure><div class=\"wp-block-media-text__content\">\n<ul class=\"wp-block-list\">\n<li><strong>Descarga el Software:<\/strong> Haz clic en el enlace de <strong>descarga <\/strong>a continuaci\u00f3n para obtener el archivo comprimido de Cuotagest (<strong>cuotagest.zip<\/strong>).<\/li>\n<\/ul>\n<\/div><\/div>\n\n\n\n<div class=\"wp-block-media-text is-stacked-on-mobile\" style=\"grid-template-columns:15% auto\"><figure class=\"wp-block-media-text__media\"><img loading=\"lazy\" decoding=\"async\" width=\"300\" height=\"300\" src=\"https:\/\/cuotagest.com\/web\/wp-content\/uploads\/2014\/12\/descomprimir.gif\" alt=\"descomprimir software academias\" class=\"wp-image-864 size-full\"\/><\/figure><div class=\"wp-block-media-text__content\">\n<ul class=\"wp-block-list\">\n<li><strong>Descomprime el Archivo:<\/strong> Una vez descargado, <strong>descomprime <\/strong>el archivo cuotagest.zip en tu ordenador utilizando tu software de descompresi\u00f3n favorito.<\/li>\n<\/ul>\n<\/div><\/div>\n\n\n\n<div class=\"wp-block-media-text is-stacked-on-mobile\" style=\"grid-template-columns:15% auto\"><figure class=\"wp-block-media-text__media\"><img loading=\"lazy\" decoding=\"async\" width=\"256\" height=\"256\" src=\"https:\/\/cuotagest.com\/web\/wp-content\/uploads\/2014\/12\/instalar.png\" alt=\"Instalar software academias\" class=\"wp-image-865 size-full\" srcset=\"https:\/\/cuotagest.com\/web\/wp-content\/uploads\/2014\/12\/instalar.png 256w, https:\/\/cuotagest.com\/web\/wp-content\/uploads\/2014\/12\/instalar-100x100.png 100w, https:\/\/cuotagest.com\/web\/wp-content\/uploads\/2014\/12\/instalar-200x200.png 200w, https:\/\/cuotagest.com\/web\/wp-content\/uploads\/2014\/12\/instalar-150x150.png 150w\" sizes=\"auto, (max-width: 256px) 100vw, 256px\" \/><\/figure><div class=\"wp-block-media-text__content\">\n<ul class=\"wp-block-list\">\n<li><strong>Instalaci\u00f3n del Software:<\/strong> Localiza y ejecuta el archivo  \u00ab<strong>Cuotagest_setup.exe<\/strong>\u00bb dentro de la carpeta descomprimida para  iniciar el proceso de instalaci\u00f3n. (<strong><span style=\"text-decoration: underline;\">Ejecutar como Administrador<\/span><\/strong>). Sigue las instrucciones en pantalla  para completar la instalaci\u00f3n de Cuotagest en tu dispositivo.<\/li>\n<\/ul>\n<\/div><\/div>\n\n\n\n<hr class=\"wp-block-separator has-alpha-channel-opacity\"\/>\n\n\n<div class='w3eden'><!-- WPDM Link Template: Default Template -->\n\n<div class=\"link-template-default card mb-2\">\n    <div class=\"card-body\">\n        <div class=\"media\">\n            <div class=\"mr-3 img-48\"><img decoding=\"async\" class=\"wpdm_icon\" alt=\"Icono\"   src=\"https:\/\/cuotagest.com\/web\/wp-content\/plugins\/download-manager\/assets\/file-type-icons\/download2.png\" \/><\/div>\n            <div class=\"media-body\">\n                <h3 class=\"package-title\"><a href='https:\/\/cuotagest.com\/web\/download\/software-cuotagest\/'>Software Cuotagest v19.10.1<\/a><\/h3>\n                <div class=\"text-muted text-small\"><i class=\"fas fa-copy\"><\/i> 1 archivo(s) <i class=\"fas fa-hdd ml-3\"><\/i> 25.8 MB<\/div>\n            <\/div>\n            <div class=\"ml-3\">\n                <a href='#unlock' class='wpdm-download-link wpdm-download-locked btn btn-primary ' data-package='4143'>Descargar<\/a>\n            <\/div>\n        <\/div>\n    <\/div>\n<\/div>\n\n<\/div>\n\n\n\n<p><strong>Notas importantes<\/strong>:<\/p>\n\n\n\n<p><strong>Instalaci\u00f3n:<\/strong> En ocasiones pueden aparecer errores durante la instalaci\u00f3n (windows XP), debido a que las librer\u00edas podr\u00edan est\u00e1n en uso. Pulse \u00ab<strong>Omitir<\/strong>\u00bb si se produce el mensaje y pase por alto el error. No hace falta sobreescribir las libreri\u00e1s.<\/p>\n\n\n\n<p><strong>Windows 10 y 11: <\/strong>Durante la instalaci\u00f3n en windows 10, si aparece la ventana \u00abEsta aplicaci\u00f3n se ha detenido por seguridad\u00bb, puedes ir a \u00abMas informaci\u00f3n\u00bb y permitir la instalaci\u00f3n de la aplicaci\u00f3n.<\/p>\n\n\n\n<p><strong>Ejecuci\u00f3n:<\/strong> En algunos <strong><span style=\"color: #ff0000;\">windows 10 y 11<\/span><\/strong>, es obligatorio ejecutar el programa con el bot\u00f3n derecho y elegir \u00ab<span style=\"color: #ff0000;\"><strong>Ejecutar como administrador<\/strong>\u00ab.<br><\/span><\/p>\n\n\n\n<p>Si tiene problemas para la instalaci\u00f3n, <a href=\"http:\/\/cuotagest.com\/web\/contactar\/\" target=\"_blank\" rel=\"noreferrer noopener\">contacte con nosotros<\/a> para enviarle una versi\u00f3n personalizada.<\/p>\n\n\n\n<hr class=\"wp-block-separator has-alpha-channel-opacity\"\/>\n\n\n<div class=\"wp-block-image size-full wp-image-768\">\n<figure class=\"alignleft\"><img loading=\"lazy\" decoding=\"async\" width=\"110\" height=\"109\" src=\"http:\/\/cuotagest.com\/web\/wp-content\/uploads\/2014\/09\/logo_softonic.png\" alt=\"Software de gestion de academias Evaluado por Softonic\" class=\"wp-image-768\" srcset=\"https:\/\/cuotagest.com\/web\/wp-content\/uploads\/2014\/09\/logo_softonic.png 110w, https:\/\/cuotagest.com\/web\/wp-content\/uploads\/2014\/09\/logo_softonic-100x100.png 100w\" sizes=\"auto, (max-width: 110px) 100vw, 110px\" \/><figcaption class=\"wp-element-caption\">Software de gestion de academias. Evaluado por Softonic<\/figcaption><\/figure>\n<\/div>\n\n\n<p>Descargar Software para academia, peluqueria, gym, asociacion, club, centros de <strong>fisioterapia, <\/strong>centros de <strong>Yoga<\/strong> o fitness,&nbsp; Tatoos, <strong>Asociaciones,&nbsp;<\/strong><strong>Comunidades<\/strong>&nbsp;o similares&#8230;<\/p>\n\n\n\n<p>Permite gestionar las facturas mensuales <span style=\"text-decoration: underline;\">autom\u00e1ticamente<\/span>. El control de las actividades del centro. Gestionar f\u00e1cilmente sus clientes o socios.&nbsp;Cobre&nbsp;facturas mensuales con una facilidad asombrosa.<\/p>\n\n\n\n<p><strong>Controlar el acceso<\/strong> al centro, con la posibilidad de <strong>registro<\/strong> manual o mediante un lector. La \u00faltima versi\u00f3n cuenta con control de&nbsp;<strong>reservas<\/strong>&nbsp;o de&nbsp;<strong>citas<\/strong> para las actividades, y establecer el <strong>calendario<\/strong> de las actividades, el n\u00famero de reservas por hora, y un <strong>panel de citas<\/strong> de consultor\u00eda para el d\u00eda, etc<\/p>\n\n\n\n<p><strong>Caja diaria<\/strong> tambi\u00e9n disponible. Incluso puede recoger recibos separados a clientes o socios.<\/p>\n\n\n\n<p>Tambi\u00e9n puede consultar las <strong>estad\u00edsticas<\/strong> para ver c\u00f3mo va la producci\u00f3n gr\u00e1fica o recibos pendientes de cobro. Las <strong>copias de seguridad<\/strong> en la nube o localmente.<\/p>\n\n\n\n<ul class=\"wp-block-list\">\n<li><a title=\"Cuotagest\" href=\"http:\/\/www.cuotagest.com\/manual\/\" target=\"_blank\" rel=\"noopener noreferrer\">Gu\u00eda r\u00e1pida<\/a>: para conocer el funcionamiento del programa r\u00e1pidamente,<\/li>\n\n\n\n<li><a href=\"http:\/\/www.cuotagest.com\/videos\" target=\"_blank\" rel=\"noreferrer noopener\">Manual avanzado<\/a>: incluye v\u00eddeos explicativos<\/li>\n<\/ul>\n\n\n\n<h2 class=\"wp-block-heading\">Programa para impresi\u00f3n en PDF <\/h2>\n\n\n\n<p><a href=\"https:\/\/www.pdf24.org\/es\/\" target=\"_blank\" rel=\"noopener\">https:\/\/www.pdf24.org\/es\/<\/a><\/p>\n","protected":false},"excerpt":{"rendered":"<p>Para poder instalar el programa, debe descargar software para academia, peluqueria, gym, asociacion, club siguiendo los siguientes pasos: Notas importantes: Instalaci\u00f3n: En ocasiones pueden aparecer errores durante la instalaci\u00f3n (windows XP), debido a que las librer\u00edas podr\u00edan est\u00e1n en uso. Pulse \u00abOmitir\u00bb si se produce el mensaje y pase por alto el error. No hace [&hellip;]<\/p>\n","protected":false},"author":1,"featured_media":0,"parent":0,"menu_order":0,"comment_status":"closed","ping_status":"closed","template":"","meta":{"footnotes":""},"class_list":["post-591","page","type-page","status-publish","hentry"],"_links":{"self":[{"href":"https:\/\/cuotagest.com\/web\/wp-json\/wp\/v2\/pages\/591","targetHints":{"allow":["GET"]}}],"collection":[{"href":"https:\/\/cuotagest.com\/web\/wp-json\/wp\/v2\/pages"}],"about":[{"href":"https:\/\/cuotagest.com\/web\/wp-json\/wp\/v2\/types\/page"}],"author":[{"embeddable":true,"href":"https:\/\/cuotagest.com\/web\/wp-json\/wp\/v2\/users\/1"}],"replies":[{"embeddable":true,"href":"https:\/\/cuotagest.com\/web\/wp-json\/wp\/v2\/comments?post=591"}],"version-history":[{"count":84,"href":"https:\/\/cuotagest.com\/web\/wp-json\/wp\/v2\/pages\/591\/revisions"}],"predecessor-version":[{"id":10000,"href":"https:\/\/cuotagest.com\/web\/wp-json\/wp\/v2\/pages\/591\/revisions\/10000"}],"wp:attachment":[{"href":"https:\/\/cuotagest.com\/web\/wp-json\/wp\/v2\/media?parent=591"}],"curies":[{"name":"wp","href":"https:\/\/api.w.org\/{rel}","templated":true}]}}