{"id":9506,"date":"2024-02-01T18:47:49","date_gmt":"2024-02-01T16:47:49","guid":{"rendered":"https:\/\/cuotagest.com\/web\/pricing\/"},"modified":"2026-01-15T17:35:31","modified_gmt":"2026-01-15T15:35:31","slug":"pricing","status":"publish","type":"page","link":"https:\/\/cuotagest.com\/web\/pricing\/","title":{"rendered":"Precios Gesti\u00f3n Academias Cuotagest"},"content":{"rendered":"\n<p>Ponemos a su disposici\u00f3n las licencias: <a href=\"https:\/\/cuotagest.com\/web\/product\/licencia-cuotagest-3-meses\/\"><strong>3 meses<\/strong><\/a>, <a href=\"https:\/\/cuotagest.com\/web\/product\/licencia-cuotagest-6-meses\/\"><strong>6 meses<\/strong><\/a> o de <a href=\"https:\/\/cuotagest.com\/web\/product\/licencia-cuotagest-12-meses\/\"><strong>12 meses<\/strong><\/a>.<\/p>\n\n\n\n<p>El precio Software de gesti\u00f3n de academias Cuotagest se diferencia en el <span style=\"text-decoration: underline;\"><strong>n\u00famero de clientes<\/strong><\/span> que puede gestionar el programa y algunas caracter\u00edsticas.<\/p>\n\n\n\n<p>Te ayudamos con la migraci\u00f3n de tus datos*<\/p>\n\n\n\n<h2 class=\"wp-block-heading\"><b>Estos precios son v\u00e1lidos hasta final de<\/b><span style=\"color: #ff0000;\"> 2025<\/span><b>.<\/b><\/h2>\n\n\n\t<div style=\"display:contents; font-family: sans-serif\" class='fca-ept-main' id=fca-ept-table-9256>\n\t\t\t\t<div class=\"wp-block-fatcatapps-easy-pricing-tables alignwide fca-ept-layout2\">\n\t\t \n\t\t\t<div style=\"background-color:#f2f2f2;\" class=\"fca-ept-column \">\t\t\t\t\n\t\t\t\t<div class=\"fca-ept-plan-div\">\n\t\t\t\t\t<div style=\"display: none; border-color:#6236ff\" class=\"fca-ept-popular-div\">\t\t\t\t\t\n\t\t\t\t\t\t<span style=\"font-size:70%; background-color:#6236ff; color:#fff\" class=\"fca-ept-popular-text\">Most popular<\/span>\t\t\t\t\t\n\t\t\t\t\t<\/div>\n\t\t\t\t\t<div style=\"display: block\" class=\"fca-ept-plan-image\"><img decoding=\"async\" class=\"fca-ept-image1\" src=\"https:\/\/cuotagest.com\/web\/wp-content\/uploads\/2017\/07\/licencia-starter.png\"><\/div>\n\t\t\t\t\t<div style=\"display: block\" class=\"fca-ept-plan-image\"><img decoding=\"async\" class=\"fca-ept-image2\" src=\"https:\/\/cuotagest.com\/web\/wp-content\/uploads\/2017\/07\/licencia-starter.png\"><\/div>\n\t\t\t\t\t<span style=\"font-size:195%; color:#6236ff\" class=\"fca-ept-plan\" data-plan1=\"Starter\" data-plan2=\"Starter\">Starter<\/span>\t\t\t\n\t\t\t\t\t<span style=\"display: block; font-size:90%; color:#000;\" class=\"fca-ept-plan-subtext\">Para empezar<\/span>\n\t\t\t\t<\/div>\t\t\t\n\t\t\t\t<div class=\"fca-ept-price-div\">\t\t\t\n\t\t\t\t\t<div class=\"fca-ept-price-container\">\t\t\t\n\t\t\t\t\t\t<span style=\"font-size: 240%; color:#000\" class=\"fca-ept-price\" data-price1=\"\u20ac14,99\" data-price2=\"$290\">\u20ac14,99<\/span>\t\t\t\n\t\t\t\t\t\t<div style=\"display: block\" class=\"fca-ept-price-subtext\">\t\t\t\n\t\t\t\t\t\t\t<svg class=\"fca-ept-price-svg\" style=\"background-color:#6236ff\"><\/svg>\t\t\t\n\t\t\t\t\t\t\t<span style=\"font-size:90%; color:#000\" class=\"fca-ept-price-period\" data-period1=\"al mes\" data-period2=\"per year\">al mes<\/span>\t\t\t\n\t\t\t\t\t\t<\/div>\t\t\t\n\t\t\t\t\t<\/div>\t\t\t\n\t\t\t\t<\/div>\t\t\t\n\t\t\t\t<div class=\"fca-ept-features-div\">\t\t\t\n\t\t\t\t\t<ul style=\"font-size:75%; color:#000\" class=\"fca-ept-features\">\t\t\t\n\t\t\t\t\t\t<li>Clientes\/alumnos: 100<\/li><li>Gesti\u00f3n de alumnos<\/li><li>Gesti\u00f3n de actividades<\/li><li>Gesti\u00f3n de matriculas<\/li><li>Gesti\u00f3n de recibos<\/li><li>Horarios<\/li><li>Citas o reservas<\/li><li>Calendarios<\/li><li>Control asistencias<\/li><li>Caja &#8211; TPV<\/li><li>Copias de seguridad<\/li><li>Estad\u00edsticas<\/li><li>Previsi\u00f3n Ingresos<\/li><li>Asistente productos<\/li><li>Soporte tickets<\/li>\t\t\t\n\t\t\t\t\t<\/ul>\t\t\t\n\t\t\t\t<\/div>\t\n\t\t\t\t\t\t\t\t\t<a style=\" \n\t\t\t\t\tfont-size:100%; \n\t\t\t\t\tcolor:#fff; \n\t\t\t\t\tbackground-color:#6236ff\" \n\t\t\t\t\thref=\"https:\/\/cuotagest.com\/web\/descargar\/\" \n\t\t\t\t\tclass=\"fca-ept-button\" data-url1=\"https:\/\/cuotagest.com\/web\/descargar\/\" \n\t\t\t\t\tdata-url2=\"https:\/\/www.fatcatapps.com\" \n\t\t\t\t\ttarget=\"_blank\" rel=\"noopener noreferrer\">\n\t\t\t\t\tPrueba gratis\t\t\t\t\t<\/a>\n\t\t\t\t\t\t\t<\/div>\t\t\n\t\t \n\t\t\t<div style=\"background-color:#f2f2f2;\" class=\"fca-ept-column fca-ept-most-popular\">\t\t\t\t\n\t\t\t\t<div class=\"fca-ept-plan-div\">\n\t\t\t\t\t<div style=\"display: block; border-color:#6236ff\" class=\"fca-ept-popular-div\">\t\t\t\t\t\n\t\t\t\t\t\t<span style=\"font-size:70%; background-color:#6236ff; color:#fff\" class=\"fca-ept-popular-text\">M\u00e1s Popular<\/span>\t\t\t\t\t\n\t\t\t\t\t<\/div>\n\t\t\t\t\t<div style=\"display: block\" class=\"fca-ept-plan-image\"><img decoding=\"async\" class=\"fca-ept-image1\" src=\"https:\/\/cuotagest.com\/web\/wp-content\/uploads\/2017\/07\/licencia-basico.png\"><\/div>\n\t\t\t\t\t<div style=\"display: block\" class=\"fca-ept-plan-image\"><img decoding=\"async\" class=\"fca-ept-image2\" src=\"https:\/\/cuotagest.com\/web\/wp-content\/uploads\/2017\/07\/licencia-basico.png\"><\/div>\n\t\t\t\t\t<span style=\"font-size:195%; color:#6236ff\" class=\"fca-ept-plan\" data-plan1=\"Standard\" data-plan2=\"Pro\">Standard<\/span>\t\t\t\n\t\t\t\t\t<span style=\"display: block; font-size:90%; color:#000;\" class=\"fca-ept-plan-subtext\">Recomendado<\/span>\n\t\t\t\t<\/div>\t\t\t\n\t\t\t\t<div class=\"fca-ept-price-div\">\t\t\t\n\t\t\t\t\t<div class=\"fca-ept-price-container\">\t\t\t\n\t\t\t\t\t\t<span style=\"font-size: 240%; color:#000\" class=\"fca-ept-price\" data-price1=\"\u20ac19,99\" data-price2=\"$390\">\u20ac19,99<\/span>\t\t\t\n\t\t\t\t\t\t<div style=\"display: block\" class=\"fca-ept-price-subtext\">\t\t\t\n\t\t\t\t\t\t\t<svg class=\"fca-ept-price-svg\" style=\"background-color:#6236ff\"><\/svg>\t\t\t\n\t\t\t\t\t\t\t<span style=\"font-size:90%; color:#000\" class=\"fca-ept-price-period\" data-period1=\"al mes\" data-period2=\"per year\">al mes<\/span>\t\t\t\n\t\t\t\t\t\t<\/div>\t\t\t\n\t\t\t\t\t<\/div>\t\t\t\n\t\t\t\t<\/div>\t\t\t\n\t\t\t\t<div class=\"fca-ept-features-div\">\t\t\t\n\t\t\t\t\t<ul style=\"font-size:75%; color:#000\" class=\"fca-ept-features\">\t\t\t\n\t\t\t\t\t\t<li>Clientes\/alumnos: 300<\/li><li>Gesti\u00f3n de alumnos<\/li><li>Gesti\u00f3n de actividades<\/li><li>Gesti\u00f3n de matriculas<\/li><li>Gesti\u00f3n de recibos<\/li><li>Horarios<\/li><li>Citas o reservas<\/li><li>Calendarios<\/li><li>Control asistencias<\/li><li>Caja &#8211; TPV<\/li><li>Copias de seguridad<\/li><li>Control gastos<\/li><li>Estad\u00edsticas<\/li><li>Previsi\u00f3n Ingresos<\/li><li>Asistente productos<\/li><li>Bonos<\/li><li>Soporte tickets<\/li>\t\t\t\n\t\t\t\t\t<\/ul>\t\t\t\n\t\t\t\t<\/div>\t\n\t\t\t\t\t\t\t\t\t<a style=\" \n\t\t\t\t\tfont-size:100%; \n\t\t\t\t\tcolor:#fff; \n\t\t\t\t\tbackground-color:#6236ff\" \n\t\t\t\t\thref=\"https:\/\/cuotagest.com\/web\/descargar\/\" \n\t\t\t\t\tclass=\"fca-ept-button\" data-url1=\"https:\/\/cuotagest.com\/web\/descargar\/\" \n\t\t\t\t\tdata-url2=\"https:\/\/www.fatcatapps.com\" \n\t\t\t\t\ttarget=\"_blank\" rel=\"noopener noreferrer\">\n\t\t\t\t\tPrueba gratis\t\t\t\t\t<\/a>\n\t\t\t\t\t\t\t<\/div>\t\t\n\t\t \n\t\t\t<div style=\"background-color:#f2f2f2;\" class=\"fca-ept-column \">\t\t\t\t\n\t\t\t\t<div class=\"fca-ept-plan-div\">\n\t\t\t\t\t<div style=\"display: none; border-color:#6236ff\" class=\"fca-ept-popular-div\">\t\t\t\t\t\n\t\t\t\t\t\t<span style=\"font-size:70%; background-color:#6236ff; color:#fff\" class=\"fca-ept-popular-text\">Most popular<\/span>\t\t\t\t\t\n\t\t\t\t\t<\/div>\n\t\t\t\t\t<div style=\"display: block\" class=\"fca-ept-plan-image\"><img decoding=\"async\" class=\"fca-ept-image1\" src=\"https:\/\/cuotagest.com\/web\/wp-content\/uploads\/2017\/07\/licencia-plata.png\"><\/div>\n\t\t\t\t\t<div style=\"display: block\" class=\"fca-ept-plan-image\"><img decoding=\"async\" class=\"fca-ept-image2\" src=\"https:\/\/cuotagest.com\/web\/wp-content\/uploads\/2017\/07\/licencia-plata.png\"><\/div>\n\t\t\t\t\t<span style=\"font-size:195%; color:#6236ff\" class=\"fca-ept-plan\" data-plan1=\"Plata\" data-plan2=\"Elite\">Plata<\/span>\t\t\t\n\t\t\t\t\t<span style=\"display: block; font-size:90%; color:#000;\" class=\"fca-ept-plan-subtext\">Grandes centros<\/span>\n\t\t\t\t<\/div>\t\t\t\n\t\t\t\t<div class=\"fca-ept-price-div\">\t\t\t\n\t\t\t\t\t<div class=\"fca-ept-price-container\">\t\t\t\n\t\t\t\t\t\t<span style=\"font-size: 240%; color:#000\" class=\"fca-ept-price\" data-price1=\"\u20ac24,99\" data-price2=\"$490\">\u20ac24,99<\/span>\t\t\t\n\t\t\t\t\t\t<div style=\"display: block\" class=\"fca-ept-price-subtext\">\t\t\t\n\t\t\t\t\t\t\t<svg class=\"fca-ept-price-svg\" style=\"background-color:#6236ff\"><\/svg>\t\t\t\n\t\t\t\t\t\t\t<span style=\"font-size:90%; color:#000\" class=\"fca-ept-price-period\" data-period1=\"al mes\" data-period2=\"per year\">al mes<\/span>\t\t\t\n\t\t\t\t\t\t<\/div>\t\t\t\n\t\t\t\t\t<\/div>\t\t\t\n\t\t\t\t<\/div>\t\t\t\n\t\t\t\t<div class=\"fca-ept-features-div\">\t\t\t\n\t\t\t\t\t<ul style=\"font-size:75%; color:#000\" class=\"fca-ept-features\">\t\t\t\n\t\t\t\t\t\t<li>Clientes\/alumnos: 500<\/li><li>Gesti\u00f3n de alumnos<\/li><li>Gesti\u00f3n de actividades<\/li><li>Gesti\u00f3n de matriculas<\/li><li>Gesti\u00f3n de recibos<\/li><li>Horarios<\/li><li>Citas o reservas<\/li><li>Calendarios<\/li><li>Control asistencias<\/li><li>Caja &#8211; TPV<\/li><li>Copias de seguridad<\/li><li>Control gastos<\/li><li>Estad\u00edsticas<\/li><li>Previsi\u00f3n Ingresos<\/li><li>Asistente productos<\/li><li>Bonos<\/li><li>Informes avanzados<\/li><li>Soporte tickets<\/li><li>Soporte telef\u00f3nico<\/li><li>Actualizaciones incluidas<\/li>\t\t\t\n\t\t\t\t\t<\/ul>\t\t\t\n\t\t\t\t<\/div>\t\n\t\t\t\t\t\t\t\t\t<a style=\" \n\t\t\t\t\tfont-size:100%; \n\t\t\t\t\tcolor:#fff; \n\t\t\t\t\tbackground-color:#6236ff\" \n\t\t\t\t\thref=\"https:\/\/cuotagest.com\/web\/descargar\/\" \n\t\t\t\t\tclass=\"fca-ept-button\" data-url1=\"https:\/\/cuotagest.com\/web\/descargar\/\" \n\t\t\t\t\tdata-url2=\"https:\/\/www.fatcatapps.com\" \n\t\t\t\t\ttarget=\"_blank\" rel=\"noopener noreferrer\">\n\t\t\t\t\tPrueba gratis\t\t\t\t\t<\/a>\n\t\t\t\t\t\t\t<\/div>\t\t\n\t\t \n\t\t\t<div style=\"background-color:#f2f2f2;\" class=\"fca-ept-column \">\t\t\t\t\n\t\t\t\t<div class=\"fca-ept-plan-div\">\n\t\t\t\t\t<div style=\"display: none; border-color:#6236ff\" class=\"fca-ept-popular-div\">\t\t\t\t\t\n\t\t\t\t\t\t<span style=\"font-size:70%; background-color:#6236ff; color:#fff\" class=\"fca-ept-popular-text\">Most popular<\/span>\t\t\t\t\t\n\t\t\t\t\t<\/div>\n\t\t\t\t\t<div style=\"display: block\" class=\"fca-ept-plan-image\"><img decoding=\"async\" class=\"fca-ept-image1\" src=\"https:\/\/cuotagest.com\/web\/wp-content\/uploads\/2017\/07\/licencia-oro.png\"><\/div>\n\t\t\t\t\t<div style=\"display: block\" class=\"fca-ept-plan-image\"><img decoding=\"async\" class=\"fca-ept-image2\" src=\"https:\/\/cuotagest.com\/web\/wp-content\/uploads\/2017\/07\/licencia-oro.png\"><\/div>\n\t\t\t\t\t<span style=\"font-size:195%; color:#6236ff\" class=\"fca-ept-plan\" data-plan1=\"Oro\" data-plan2=\"Custom\">Oro<\/span>\t\t\t\n\t\t\t\t\t<span style=\"display: block; font-size:90%; color:#000;\" class=\"fca-ept-plan-subtext\">Para m\u00e1s exigentes<\/span>\n\t\t\t\t<\/div>\t\t\t\n\t\t\t\t<div class=\"fca-ept-price-div\">\t\t\t\n\t\t\t\t\t<div class=\"fca-ept-price-container\">\t\t\t\n\t\t\t\t\t\t<span style=\"font-size: 240%; color:#000\" class=\"fca-ept-price\" data-price1=\"\u20ac29,99\" data-price2=\"$590\">\u20ac29,99<\/span>\t\t\t\n\t\t\t\t\t\t<div style=\"display: block\" class=\"fca-ept-price-subtext\">\t\t\t\n\t\t\t\t\t\t\t<svg class=\"fca-ept-price-svg\" style=\"background-color:#6236ff\"><\/svg>\t\t\t\n\t\t\t\t\t\t\t<span style=\"font-size:90%; color:#000\" class=\"fca-ept-price-period\" data-period1=\"al mes\" data-period2=\"per year\">al mes<\/span>\t\t\t\n\t\t\t\t\t\t<\/div>\t\t\t\n\t\t\t\t\t<\/div>\t\t\t\n\t\t\t\t<\/div>\t\t\t\n\t\t\t\t<div class=\"fca-ept-features-div\">\t\t\t\n\t\t\t\t\t<ul style=\"font-size:75%; color:#000\" class=\"fca-ept-features\">\t\t\t\n\t\t\t\t\t\t<li>Clientes\/alumnos: 1000<\/li><li>Gesti\u00f3n de alumnos<\/li><li>Gesti\u00f3n de actividades<\/li><li>Gesti\u00f3n de matriculas<\/li><li>Gesti\u00f3n de recibos<\/li><li>Horarios<\/li><li>Citas o reservas<\/li><li>Calendarios<\/li><li>Control asistencias<\/li><li>Caja &#8211; TPV<\/li><li>Copias de seguridad<\/li><li>Control gastos<\/li><li>Estad\u00edsticas<\/li><li>Previsi\u00f3n Ingresos<\/li><li>Asistente productos<\/li><li>Bonos<\/li><li>Informes avanzados<\/li><li>Soporte tickets<\/li><li>Soporte telef\u00f3nico<\/li><li>Soporte remoto<\/li><li>Actualizaciones incluidas<\/li>\t\t\t\n\t\t\t\t\t<\/ul>\t\t\t\n\t\t\t\t<\/div>\t\n\t\t\t\t\t\t\t\t\t<a style=\" \n\t\t\t\t\tfont-size:100%; \n\t\t\t\t\tcolor:#fff; \n\t\t\t\t\tbackground-color:#6236ff\" \n\t\t\t\t\thref=\"https:\/\/cuotagest.com\/web\/descargar\/\" \n\t\t\t\t\tclass=\"fca-ept-button\" data-url1=\"https:\/\/cuotagest.com\/web\/descargar\/\" \n\t\t\t\t\tdata-url2=\"https:\/\/www.fatcatapps.com\" \n\t\t\t\t\ttarget=\"_blank\" rel=\"noopener noreferrer\">\n\t\t\t\t\tPrueba gratis\t\t\t\t\t<\/a>\n\t\t\t\t\t\t\t<\/div>\t\t\n\t\t \n\t\t\t<div style=\"background-color:#f2f2f2;\" class=\"fca-ept-column \">\t\t\t\t\n\t\t\t\t<div class=\"fca-ept-plan-div\">\n\t\t\t\t\t<div style=\"display: none; border-color:#6236ff\" class=\"fca-ept-popular-div\">\t\t\t\t\t\n\t\t\t\t\t\t<span style=\"font-size:70%; background-color:#6236ff; color:#fff\" class=\"fca-ept-popular-text\">Most popular<\/span>\t\t\t\t\t\n\t\t\t\t\t<\/div>\n\t\t\t\t\t<div style=\"display: block\" class=\"fca-ept-plan-image\"><img decoding=\"async\" class=\"fca-ept-image1\" src=\"https:\/\/cuotagest.com\/web\/wp-content\/uploads\/2017\/07\/licencia-platino.png\"><\/div>\n\t\t\t\t\t<div style=\"display: block\" class=\"fca-ept-plan-image\"><img decoding=\"async\" class=\"fca-ept-image2\" src=\"https:\/\/cuotagest.com\/web\/wp-content\/uploads\/2017\/07\/licencia-platino.png\"><\/div>\n\t\t\t\t\t<span style=\"font-size:195%; color:#6236ff\" class=\"fca-ept-plan\" data-plan1=\"Platino\" data-plan2=\"Custom\">Platino<\/span>\t\t\t\n\t\t\t\t\t<span style=\"display: block; font-size:90%; color:#000;\" class=\"fca-ept-plan-subtext\">Todas las funciones<\/span>\n\t\t\t\t<\/div>\t\t\t\n\t\t\t\t<div class=\"fca-ept-price-div\">\t\t\t\n\t\t\t\t\t<div class=\"fca-ept-price-container\">\t\t\t\n\t\t\t\t\t\t<span style=\"font-size: 240%; color:#000\" class=\"fca-ept-price\" data-price1=\"\u20ac34,99\" data-price2=\"$690\">\u20ac34,99<\/span>\t\t\t\n\t\t\t\t\t\t<div style=\"display: block\" class=\"fca-ept-price-subtext\">\t\t\t\n\t\t\t\t\t\t\t<svg class=\"fca-ept-price-svg\" style=\"background-color:#6236ff\"><\/svg>\t\t\t\n\t\t\t\t\t\t\t<span style=\"font-size:90%; color:#000\" class=\"fca-ept-price-period\" data-period1=\"al mes\" data-period2=\"per year\">al mes<\/span>\t\t\t\n\t\t\t\t\t\t<\/div>\t\t\t\n\t\t\t\t\t<\/div>\t\t\t\n\t\t\t\t<\/div>\t\t\t\n\t\t\t\t<div class=\"fca-ept-features-div\">\t\t\t\n\t\t\t\t\t<ul style=\"font-size:75%; color:#000\" class=\"fca-ept-features\">\t\t\t\n\t\t\t\t\t\t<li>Clientes\/alumnos: &lt;1000<\/li><li>Gesti\u00f3n de alumnos<\/li><li>Gesti\u00f3n de actividades<\/li><li>Gesti\u00f3n de matriculas<\/li><li>Gesti\u00f3n de recibos<\/li><li>Horarios<\/li><li>Citas o reservas<\/li><li>Calendarios<\/li><li>Control asistencias<\/li><li>Caja &#8211; TPV<\/li><li>Copias de seguridad<\/li><li>Control gastos<\/li><li>Estad\u00edsticas<\/li><li>Previsi\u00f3n Ingresos<\/li><li>Asistente productos<\/li><li>Bonos<\/li><li>Informes avanzados<\/li><li>Soporte tickets<\/li><li>Soporte telef\u00f3nico<\/li><li>Soporte remoto<\/li><li>Actualizaciones incluidas<\/li>\t\t\t\n\t\t\t\t\t<\/ul>\t\t\t\n\t\t\t\t<\/div>\t\n\t\t\t\t\t\t\t\t\t<a style=\" \n\t\t\t\t\tfont-size:100%; \n\t\t\t\t\tcolor:#fff; \n\t\t\t\t\tbackground-color:#6236ff\" \n\t\t\t\t\thref=\"https:\/\/cuotagest.com\/web\/descargar\/\" \n\t\t\t\t\tclass=\"fca-ept-button\" data-url1=\"https:\/\/cuotagest.com\/web\/descargar\/\" \n\t\t\t\t\tdata-url2=\"https:\/\/www.fatcatapps.com\" \n\t\t\t\t\ttarget=\"_blank\" rel=\"noopener noreferrer\">\n\t\t\t\t\tPrueba gratis\t\t\t\t\t<\/a>\n\t\t\t\t\t\t\t<\/div>\t\t\n\t\t\t\t<\/div>\n\t\t\t\n\t<\/div>\n\t<style>\n\t\t#fca-ept-table-9256 div.fca-ept-layout2 div.fca-ept-column.fca-ept-most-popular { border: 2px solid #6236ff }\n\t\t\t<\/style>\n\t\n\n\n<blockquote class=\"wp-block-quote is-layout-flow wp-block-quote-is-layout-flow\">\n<p>*Asesoramos y realizamos la migraci\u00f3n de tus datos siempre que sea posible<\/p>\n\n\n\n<p><\/p>\n<\/blockquote>\n","protected":false},"excerpt":{"rendered":"<p>Ponemos a su disposici\u00f3n las licencias: 3 meses, 6 meses o de 12 meses. El precio Software de gesti\u00f3n de academias Cuotagest se diferencia en el n\u00famero de clientes que puede gestionar el programa y algunas caracter\u00edsticas. Te ayudamos con la migraci\u00f3n de tus datos* Estos precios son v\u00e1lidos hasta final de 2025. *Asesoramos y [&hellip;]<\/p>\n","protected":false},"author":1,"featured_media":0,"parent":0,"menu_order":0,"comment_status":"closed","ping_status":"closed","template":"template-fullwidth.php","meta":{"footnotes":""},"class_list":["post-9506","page","type-page","status-publish","hentry"],"_links":{"self":[{"href":"https:\/\/cuotagest.com\/web\/wp-json\/wp\/v2\/pages\/9506","targetHints":{"allow":["GET"]}}],"collection":[{"href":"https:\/\/cuotagest.com\/web\/wp-json\/wp\/v2\/pages"}],"about":[{"href":"https:\/\/cuotagest.com\/web\/wp-json\/wp\/v2\/types\/page"}],"author":[{"embeddable":true,"href":"https:\/\/cuotagest.com\/web\/wp-json\/wp\/v2\/users\/1"}],"replies":[{"embeddable":true,"href":"https:\/\/cuotagest.com\/web\/wp-json\/wp\/v2\/comments?post=9506"}],"version-history":[{"count":22,"href":"https:\/\/cuotagest.com\/web\/wp-json\/wp\/v2\/pages\/9506\/revisions"}],"predecessor-version":[{"id":9914,"href":"https:\/\/cuotagest.com\/web\/wp-json\/wp\/v2\/pages\/9506\/revisions\/9914"}],"wp:attachment":[{"href":"https:\/\/cuotagest.com\/web\/wp-json\/wp\/v2\/media?parent=9506"}],"curies":[{"name":"wp","href":"https:\/\/api.w.org\/{rel}","templated":true}]}}