{"id":1671,"date":"2016-11-07T07:59:06","date_gmt":"2016-11-07T05:59:06","guid":{"rendered":"http:\/\/cuotagest.com\/web\/?post_type=product&#038;p=1671"},"modified":"2024-02-03T19:23:13","modified_gmt":"2024-02-03T17:23:13","slug":"licencia-cuotagest-12-meses","status":"publish","type":"product","link":"https:\/\/cuotagest.com\/web\/product\/licencia-cuotagest-12-meses\/","title":{"rendered":"Licencia Cuotagest 12 meses"},"content":{"rendered":"<p style=\"text-align: left;\">Con este producto comprar\u00e1 una Licencia Cuotagest v\u00e1lida para 12 meses.<\/p>\n<h2 style=\"text-align: left;\">\u00bfPara que centros o tipos de negocio es v\u00e1lida la Licencia Cuotagest 12 meses: Programa para academia, peluquer\u00eda, club o negocio?<\/h2>\n<p style=\"text-align: left;\">Esta licencia es v\u00e1lida para<strong><span style=\"text-decoration: underline;\"> cualquier versi\u00f3n del programa Cuotagest<\/span>,<\/strong> y permite gestionar cualquier centro o negocio que disponga de <strong>clientes<\/strong>, <strong>miembros<\/strong> o <strong>alumnos<\/strong>, <strong>recibos<\/strong> o <strong>facturas<\/strong>, <strong>actividades<\/strong>, <strong>productos<\/strong>&#8230;<\/p>\n<p style=\"text-align: left;\">Permite el control de <strong>clientes<\/strong>, gesti\u00f3n de <strong>recibos<\/strong>, <strong>asistencia<\/strong>, crear <strong>citas<\/strong> o <strong>reservas<\/strong>, etc. Por tanto est\u00e1 adaptado para centros como pueden ser:<\/p>\n<figure id=\"attachment_1326\" aria-describedby=\"caption-attachment-1326\" style=\"width: 150px\" class=\"wp-caption alignright\"><img loading=\"lazy\" decoding=\"async\" class=\"wp-image-1326 size-thumbnail\" title=\"Licencia Cuotagest: Programa para academia, peluquer\u00eda, club\" src=\"http:\/\/cuotagest.com\/web\/wp-content\/uploads\/2014\/08\/programa-para-fitness-150x150.png\" alt=\"Licencia Cuotagest: Programa para academia, peluquer\u00eda, club\" width=\"150\" height=\"150\" srcset=\"https:\/\/cuotagest.com\/web\/wp-content\/uploads\/2014\/08\/programa-para-fitness-150x150.png 150w, https:\/\/cuotagest.com\/web\/wp-content\/uploads\/2014\/08\/programa-para-fitness-324x324.png 324w, https:\/\/cuotagest.com\/web\/wp-content\/uploads\/2014\/08\/programa-para-fitness-100x100.png 100w, https:\/\/cuotagest.com\/web\/wp-content\/uploads\/2014\/08\/programa-para-fitness-416x416.png 416w, https:\/\/cuotagest.com\/web\/wp-content\/uploads\/2014\/08\/programa-para-fitness-300x300.png 300w, https:\/\/cuotagest.com\/web\/wp-content\/uploads\/2014\/08\/programa-para-fitness.png 600w\" sizes=\"auto, (max-width: 150px) 100vw, 150px\" \/><figcaption id=\"caption-attachment-1326\" class=\"wp-caption-text\">Licencia Cuotagest: Programa para academia, peluquer\u00eda, club<\/figcaption><\/figure>\n<ul>\n<li style=\"text-align: left;\"><strong>Academia o idiomas<br \/>\n<\/strong><\/li>\n<li><strong>Gimnasio o gym<br \/>\n<\/strong><\/li>\n<li><strong>Peluquer\u00eda o centros de est\u00e9tica<br \/>\n<\/strong><\/li>\n<li><strong>Club o asociaciones<br \/>\n<\/strong><\/li>\n<li><strong>Centro Tattoo<br \/>\n<\/strong><\/li>\n<li><strong>Cl\u00ednica<\/strong> dental<\/li>\n<li>Centro de <strong>fisioterapia o tratamientos<br \/>\n<\/strong><\/li>\n<li>Centro de <strong>Yoga<\/strong><\/li>\n<li><strong>Asociaciones o similares<br \/>\n<\/strong><\/li>\n<li><strong>Comunidad <\/strong>de vecinos\u00a0o mancomunidades.<\/li>\n<li><strong>Actividades extraescolares<\/strong><\/li>\n<li>Club de f\u00fatbol<\/li>\n<li>Club de padel<\/li>\n<li>Alquileres de inmuebles: permite llevar el control de las mensualidades, pagos pendientes, etc<\/li>\n<li>Etc.<\/li>\n<\/ul>\n<h2>\u00bfQue obtendr\u00e1s con la Licencia Cuotagest 12 meses: Programa para academia, peluquer\u00eda, club o negocio?<\/h2>\n<p style=\"text-align: justify;\">Liberar\u00e1 el programa con todas sus funciones, incluidas las copias de seguridad en la nube.<\/p>\n<p style=\"text-align: justify;\">Podr\u00e1s realizar la gesti\u00f3n del centro, control de <strong>clientes<\/strong> o <strong>alumnos<\/strong>, <strong>gestionar las facturas y o recibos <\/strong>mensuales autom\u00e1ticamente. Control y gesti\u00f3n de las <strong>actividades<\/strong> del centro. Permite gestionar f\u00e1cilmente sus clientes o <strong>socios<\/strong>, recibos, <strong>asistencias<\/strong>, <strong>citas<\/strong> o reservas.<\/p>\n<p style=\"text-align: justify;\">Con una licencia Cuotagest 12 meses: Programa para academia, peluquer\u00eda, club o negocio, podr\u00e1 <strong>gestionar el centro f\u00e1cilmente<\/strong>.<\/p>\n<p style=\"text-align: justify;\">Tendr\u00e1s la opci\u00f3n<strong> de controlar el acceso<\/strong> al centro, con la posibilidad de <strong>registro<\/strong> manual o mediante un lector (consultar). La \u00faltima versi\u00f3n cuenta con control de\u00a0<strong>reservas<\/strong>\u00a0o de\u00a0<strong>citas<\/strong> para las actividades, y establecer el <strong>calendario<\/strong> de las actividades, el n\u00famero de reservas por hora, y un <strong>panel de citas<\/strong> de consultor\u00eda para el d\u00eda, y muchas m\u00e1s opciones que puedes descubrir tu mismo.<\/p>\n<p style=\"text-align: justify;\"><strong>Caja diaria<\/strong> o <strong>TPV<\/strong> tambi\u00e9n disponible. Incluso puede recoger recibos separados a clientes o socios.<\/p>\n<p style=\"text-align: justify;\">Tambi\u00e9n puedes consultar los <strong>informes<\/strong> o\u00a0 <strong>estad\u00edsticas<\/strong> para ver que ingresos tendr\u00e1s, o si lo deseas, podr\u00e1s consultar los recibos pendientes de cobro. Tambi\u00e9n dispones de m\u00e1s informes detallados seg\u00fan los datos que necesites controlar. Ejemplo: altas y bajas mensuales, ingresos estad\u00edsticos, ganancias, etc.<\/p>\n<p style=\"text-align: justify;\">Puedes consultar los informes disponibles en <a href=\"http:\/\/cuotagest.com\/web\/categoria-producto\/informes\/\">este enlace<\/a>.<\/p>\n<figure id=\"attachment_746\" aria-describedby=\"caption-attachment-746\" style=\"width: 150px\" class=\"wp-caption alignright\"><img loading=\"lazy\" decoding=\"async\" class=\"wp-image-746 size-thumbnail\" title=\"Licencia Cuotagest 12 meses: Programa para academia, peluquer\u00eda\" src=\"http:\/\/cuotagest.com\/web\/wp-content\/uploads\/2015\/01\/cuotagestv15_097-150x150.png\" alt=\"Licencia Cuotagest 12 meses: Programa para academia, peluquer\u00eda\" width=\"150\" height=\"150\" srcset=\"https:\/\/cuotagest.com\/web\/wp-content\/uploads\/2015\/01\/cuotagestv15_097-150x150.png 150w, https:\/\/cuotagest.com\/web\/wp-content\/uploads\/2015\/01\/cuotagestv15_097-100x100.png 100w\" sizes=\"auto, (max-width: 150px) 100vw, 150px\" \/><figcaption id=\"caption-attachment-746\" class=\"wp-caption-text\">Licencia Cuotagest 12 meses: Programa para academia, peluquer\u00eda<\/figcaption><\/figure>\n<p style=\"text-align: justify;\">Permite realizar <strong>copias de seguridad<\/strong> en la nube o localmente en un <strong>dispositivo USB<\/strong> o pendrive.<\/p>\n<p style=\"text-align: justify;\">Para m\u00e1s informaci\u00f3n descargue la <strong>demo<\/strong> aqu\u00ed mismo o tambi\u00e9n puede consultar:<\/p>\n<ul style=\"color: #4b4b4b; text-align: justify;\">\n<li><a href=\"http:\/\/cuotagest.com\/manual\/\" target=\"_blank\" rel=\"noopener noreferrer\">Manual actualizado\u00a0<\/a><\/li>\n<\/ul>\n<p style=\"color: #4b4b4b; text-align: justify;\">Para <strong>descargar<\/strong> pulse en el siguiente enlace\u00a0(recomendamos que descargue siempre la \u00faltima versi\u00f3n disponible):<\/p>\n<p style=\"color: #4b4b4b; text-align: justify;\"><div class='w3eden'><!-- WPDM Link Template: Default Template -->\n\n<div class=\"link-template-default card mb-2\">\n    <div class=\"card-body\">\n        <div class=\"media\">\n            <div class=\"mr-3 img-48\"><img decoding=\"async\" class=\"wpdm_icon\" alt=\"Icono\"   src=\"https:\/\/cuotagest.com\/web\/wp-content\/plugins\/download-manager\/assets\/file-type-icons\/download2.png\" \/><\/div>\n            <div class=\"media-body\">\n                <h3 class=\"package-title\"><a href='https:\/\/cuotagest.com\/web\/download\/software-cuotagest\/'>Software Cuotagest v19.10.1<\/a><\/h3>\n                <div class=\"text-muted text-small\"><i class=\"fas fa-copy\"><\/i> 1 archivo(s) <i class=\"fas fa-hdd ml-3\"><\/i> 25.8 MB<\/div>\n            <\/div>\n            <div class=\"ml-3\">\n                <a href='#unlock' class='wpdm-download-link wpdm-download-locked btn btn-primary ' data-package='4143'>Descargar<\/a>\n            <\/div>\n        <\/div>\n    <\/div>\n<\/div>\n\n<\/div><\/p>\n<p style=\"color: #4b4b4b; text-align: justify;\">Licencia Cuotagest 12 meses: Programa para academia, peluquer\u00eda, club<\/p>\n","protected":false},"excerpt":{"rendered":"<p>Licencia para activar el Software Cuotagest. Le permitir\u00e1 utilizar el programa con todas las funciones activadas.<\/p>\n","protected":false},"featured_media":158,"comment_status":"closed","ping_status":"closed","template":"","meta":[],"product_brand":[],"product_cat":[57,13],"product_tag":[17,22,27,19,21,28,16,29,31,125,26,20,124,30],"class_list":{"0":"post-1671","1":"product","2":"type-product","3":"status-publish","4":"has-post-thumbnail","6":"product_cat-licencias","7":"product_cat-software","8":"product_tag-academia","9":"product_tag-asistencia","10":"product_tag-baile","11":"product_tag-club","12":"product_tag-cuota","13":"product_tag-danza","14":"product_tag-gestion","15":"product_tag-gym","16":"product_tag-gym-control","17":"product_tag-idiomas","18":"product_tag-peluqueria","19":"product_tag-recibo","20":"product_tag-software","21":"product_tag-sport","23":"first","24":"instock","25":"featured","26":"sold-individually","27":"taxable","28":"shipping-taxable","29":"purchasable","30":"product-type-variable","31":"has-default-attributes"},"_links":{"self":[{"href":"https:\/\/cuotagest.com\/web\/wp-json\/wp\/v2\/product\/1671","targetHints":{"allow":["GET"]}}],"collection":[{"href":"https:\/\/cuotagest.com\/web\/wp-json\/wp\/v2\/product"}],"about":[{"href":"https:\/\/cuotagest.com\/web\/wp-json\/wp\/v2\/types\/product"}],"replies":[{"embeddable":true,"href":"https:\/\/cuotagest.com\/web\/wp-json\/wp\/v2\/comments?post=1671"}],"wp:featuredmedia":[{"embeddable":true,"href":"https:\/\/cuotagest.com\/web\/wp-json\/wp\/v2\/media\/158"}],"wp:attachment":[{"href":"https:\/\/cuotagest.com\/web\/wp-json\/wp\/v2\/media?parent=1671"}],"wp:term":[{"taxonomy":"product_brand","embeddable":true,"href":"https:\/\/cuotagest.com\/web\/wp-json\/wp\/v2\/product_brand?post=1671"},{"taxonomy":"product_cat","embeddable":true,"href":"https:\/\/cuotagest.com\/web\/wp-json\/wp\/v2\/product_cat?post=1671"},{"taxonomy":"product_tag","embeddable":true,"href":"https:\/\/cuotagest.com\/web\/wp-json\/wp\/v2\/product_tag?post=1671"}],"curies":[{"name":"wp","href":"https:\/\/api.w.org\/{rel}","templated":true}]}}