{"id":2079,"date":"2017-07-10T18:42:25","date_gmt":"2017-07-10T16:42:25","guid":{"rendered":"https:\/\/cuotagest.com\/web\/?post_type=product&#038;p=2079"},"modified":"2024-02-03T20:37:05","modified_gmt":"2024-02-03T18:37:05","slug":"licencia-cuotagest-6-meses","status":"publish","type":"product","link":"https:\/\/cuotagest.com\/web\/product\/licencia-cuotagest-6-meses\/","title":{"rendered":"Licencia Cuotagest 6 meses"},"content":{"rendered":"<figure id=\"attachment_1326\" aria-describedby=\"caption-attachment-1326\" style=\"width: 150px\" class=\"wp-caption alignright\"><img loading=\"lazy\" decoding=\"async\" class=\"wp-image-1326 size-thumbnail\" title=\"Licencia Cuotagest: Programa para academia, peluquer\u00eda, club\" src=\"http:\/\/cuotagest.com\/web\/wp-content\/uploads\/2014\/08\/programa-para-fitness-150x150.png\" alt=\"Licencia Cuotagest: Programa para academia, peluquer\u00eda, club\" width=\"150\" height=\"150\" srcset=\"https:\/\/cuotagest.com\/web\/wp-content\/uploads\/2014\/08\/programa-para-fitness-150x150.png 150w, https:\/\/cuotagest.com\/web\/wp-content\/uploads\/2014\/08\/programa-para-fitness-324x324.png 324w, https:\/\/cuotagest.com\/web\/wp-content\/uploads\/2014\/08\/programa-para-fitness-100x100.png 100w, https:\/\/cuotagest.com\/web\/wp-content\/uploads\/2014\/08\/programa-para-fitness-416x416.png 416w, https:\/\/cuotagest.com\/web\/wp-content\/uploads\/2014\/08\/programa-para-fitness-300x300.png 300w, https:\/\/cuotagest.com\/web\/wp-content\/uploads\/2014\/08\/programa-para-fitness.png 600w\" sizes=\"auto, (max-width: 150px) 100vw, 150px\" \/><figcaption id=\"caption-attachment-1326\" class=\"wp-caption-text\">Licencia Cuotagest: Programa para academia, peluquer\u00eda, club<\/figcaption><\/figure>\n<p>Obtenga una Licencia Cuotagest v\u00e1lida por 6 meses para simplificar la <strong>gesti\u00f3n<\/strong> de su academia, peluquer\u00eda, club u otro tipo de negocio.<\/p>\n<figure id=\"attachment_768\" aria-describedby=\"caption-attachment-768\" style=\"width: 110px\" class=\"wp-caption alignright\"><img loading=\"lazy\" decoding=\"async\" class=\"wp-image-768 size-full\" title=\"Evaluado por Softonic\" src=\"https:\/\/cuotagest.com\/web\/wp-content\/uploads\/2014\/09\/logo_softonic.png\" alt=\"Evaluado por Softonic\" width=\"110\" height=\"109\" srcset=\"https:\/\/cuotagest.com\/web\/wp-content\/uploads\/2014\/09\/logo_softonic.png 110w, https:\/\/cuotagest.com\/web\/wp-content\/uploads\/2014\/09\/logo_softonic-100x100.png 100w\" sizes=\"auto, (max-width: 110px) 100vw, 110px\" \/><figcaption id=\"caption-attachment-768\" class=\"wp-caption-text\">Premiado software de gesti\u00f3n de academias. Evaluado por Softonic.<\/figcaption><\/figure>\n<p>Esta licencia le permite administrar cualquier centro o negocio con clientes, recibos, facturas, actividades y m\u00e1s. Con Cuotagest, tendr\u00e1 control total sobre clientes, gesti\u00f3n de recibos, asistencias, citas y reservas.<\/p>\n<p>Perfecto para diversos establecimientos como:<\/p>\n<ul>\n<li>Academias de <strong>idiomas<\/strong> o ense\u00f1anza.<\/li>\n<li>Centros de fitness y gimnasios.<\/li>\n<li><strong>Peluquer\u00edas<\/strong> y centros de est\u00e9tica.<\/li>\n<li>Asociaciones, <strong>clubes<\/strong> y comunidades.<\/li>\n<li><strong>Cl\u00ednicas<\/strong> dentales y de fisioterapia.<\/li>\n<li><strong>Escuelas<\/strong> de m\u00fasica y deportes.<\/li>\n<li>Centros de <strong>yoga<\/strong> y actividades extraescolares.\n<p><figure id=\"attachment_1677\" aria-describedby=\"caption-attachment-1677\" style=\"width: 300px\" class=\"wp-caption alignright\"><img loading=\"lazy\" decoding=\"async\" class=\"wp-image-1677 size-medium\" title=\"Licencia Cuotagest: Programa para academia, peluquer\u00eda, club\" src=\"http:\/\/cuotagest.com\/web\/wp-content\/uploads\/2016\/11\/software-academia-cuotagest-v16-1-300x237.png\" alt=\"software academia\" width=\"300\" height=\"237\" srcset=\"https:\/\/cuotagest.com\/web\/wp-content\/uploads\/2016\/11\/software-academia-cuotagest-v16-1-300x237.png 300w, https:\/\/cuotagest.com\/web\/wp-content\/uploads\/2016\/11\/software-academia-cuotagest-v16-1-416x328.png 416w, https:\/\/cuotagest.com\/web\/wp-content\/uploads\/2016\/11\/software-academia-cuotagest-v16-1.png 426w\" sizes=\"auto, (max-width: 300px) 100vw, 300px\" \/><figcaption id=\"caption-attachment-1677\" class=\"wp-caption-text\">Licencia Cuotagest: Programa para academia, peluquer\u00eda, club<\/figcaption><\/figure><\/li>\n<\/ul>\n<p>Descargue el programa ahora mismo y disfrute de todas sus funciones, incluidas copias de seguridad en la nube y gesti\u00f3n automatizada de clientes, facturas y m\u00e1s.<\/p>\n<p>Con la Licencia Cuotagest 6 meses, obtendr\u00e1 un control completo de su negocio con funciones avanzadas como control de acceso, reservas de actividades, informes detallados y mucho m\u00e1s.<\/p>\n<p>Adem\u00e1s, Cuotagest le permite realizar copias de seguridad en la nube o en dispositivos locales para una mayor seguridad y tranquilidad.<\/p>\n<p>Para obtener m\u00e1s informaci\u00f3n, descargue nuestra demostraci\u00f3n o consulte nuestro <a href=\"https:\/\/cuotagest.com\/manual\/\" target=\"_blank\" rel=\"noopener\">manual del producto<\/a>.<\/p>\n<p>Descargue la \u00faltima versi\u00f3n disponible aqu\u00ed para comenzar a optimizar la gesti\u00f3n de su negocio.<\/p>\n<p style=\"color: #4b4b4b; text-align: justify;\"><div class='w3eden'><!-- WPDM Link Template: Default Template -->\n\n<div class=\"link-template-default card mb-2\">\n    <div class=\"card-body\">\n        <div class=\"media\">\n            <div class=\"mr-3 img-48\"><img decoding=\"async\" class=\"wpdm_icon\" alt=\"Icono\"   src=\"https:\/\/cuotagest.com\/web\/wp-content\/plugins\/download-manager\/assets\/file-type-icons\/download2.png\" \/><\/div>\n            <div class=\"media-body\">\n                <h3 class=\"package-title\"><a href='https:\/\/cuotagest.com\/web\/download\/software-cuotagest\/'>Software Cuotagest v19.10.1<\/a><\/h3>\n                <div class=\"text-muted text-small\"><i class=\"fas fa-copy\"><\/i> 1 archivo(s) <i class=\"fas fa-hdd ml-3\"><\/i> 25.8 MB<\/div>\n            <\/div>\n            <div class=\"ml-3\">\n                <a href='#unlock' class='wpdm-download-link wpdm-download-locked btn btn-primary ' data-package='4143'>Descargar<\/a>\n            <\/div>\n        <\/div>\n    <\/div>\n<\/div>\n\n<\/div><\/p>\n<p style=\"color: #4b4b4b; text-align: justify;\">\n","protected":false},"excerpt":{"rendered":"<p>Licencia para activar el Software Cuotagest. Le permitir\u00e1 utilizar el programa con todas las funciones activadas.<\/p>\n<p>&nbsp;<\/p>\n","protected":false},"featured_media":509,"comment_status":"closed","ping_status":"closed","template":"","meta":[],"product_brand":[],"product_cat":[57,13],"product_tag":[17,22,27,19,21,28,16,18,29,31,26,20,30],"class_list":{"0":"post-2079","1":"product","2":"type-product","3":"status-publish","4":"has-post-thumbnail","6":"product_cat-licencias","7":"product_cat-software","8":"product_tag-academia","9":"product_tag-asistencia","10":"product_tag-baile","11":"product_tag-club","12":"product_tag-cuota","13":"product_tag-danza","14":"product_tag-gestion","15":"product_tag-gimnasio","16":"product_tag-gym","17":"product_tag-gym-control","18":"product_tag-peluqueria","19":"product_tag-recibo","20":"product_tag-sport","22":"first","23":"instock","24":"featured","25":"sold-individually","26":"taxable","27":"shipping-taxable","28":"purchasable","29":"product-type-variable"},"_links":{"self":[{"href":"https:\/\/cuotagest.com\/web\/wp-json\/wp\/v2\/product\/2079","targetHints":{"allow":["GET"]}}],"collection":[{"href":"https:\/\/cuotagest.com\/web\/wp-json\/wp\/v2\/product"}],"about":[{"href":"https:\/\/cuotagest.com\/web\/wp-json\/wp\/v2\/types\/product"}],"replies":[{"embeddable":true,"href":"https:\/\/cuotagest.com\/web\/wp-json\/wp\/v2\/comments?post=2079"}],"wp:featuredmedia":[{"embeddable":true,"href":"https:\/\/cuotagest.com\/web\/wp-json\/wp\/v2\/media\/509"}],"wp:attachment":[{"href":"https:\/\/cuotagest.com\/web\/wp-json\/wp\/v2\/media?parent=2079"}],"wp:term":[{"taxonomy":"product_brand","embeddable":true,"href":"https:\/\/cuotagest.com\/web\/wp-json\/wp\/v2\/product_brand?post=2079"},{"taxonomy":"product_cat","embeddable":true,"href":"https:\/\/cuotagest.com\/web\/wp-json\/wp\/v2\/product_cat?post=2079"},{"taxonomy":"product_tag","embeddable":true,"href":"https:\/\/cuotagest.com\/web\/wp-json\/wp\/v2\/product_tag?post=2079"}],"curies":[{"name":"wp","href":"https:\/\/api.w.org\/{rel}","templated":true}]}}