{"id":8062,"date":"2020-10-28T21:47:17","date_gmt":"2020-10-28T19:47:17","guid":{"rendered":"http:\/\/cuotagest.com\/web\/?post_type=product&#038;p=8062"},"modified":"2025-12-05T03:46:43","modified_gmt":"2025-12-05T01:46:43","slug":"software-academias-gratis","status":"publish","type":"product","link":"https:\/\/cuotagest.com\/web\/product\/software-academias-gratis\/","title":{"rendered":"Software Academias Licencia Gratis"},"content":{"rendered":"<p><img loading=\"lazy\" decoding=\"async\" class=\"alignright wp-image-1677 size-full\" title=\"software academia\" src=\"https:\/\/cuotagest.com\/web\/wp-content\/uploads\/2016\/11\/software-academia-cuotagest-v16-1.png\" alt=\"software academia\" width=\"426\" height=\"336\" srcset=\"https:\/\/cuotagest.com\/web\/wp-content\/uploads\/2016\/11\/software-academia-cuotagest-v16-1.png 426w, https:\/\/cuotagest.com\/web\/wp-content\/uploads\/2016\/11\/software-academia-cuotagest-v16-1-416x328.png 416w, https:\/\/cuotagest.com\/web\/wp-content\/uploads\/2016\/11\/software-academia-cuotagest-v16-1-300x237.png 300w\" sizes=\"auto, (max-width: 426px) 100vw, 426px\" \/><\/p>\n<p><strong>\u00a1Descarga Gratis y Prueba el Software de Gesti\u00f3n para Academias Cuotagest!<\/strong><\/p>\n<p>\u00bfEst\u00e1s buscando una soluci\u00f3n eficiente para gestionar tu academia? \u00a1No busques m\u00e1s! Obt\u00e9n nuestro software de gesti\u00f3n para academias, Cuotagest, de forma gratuita y descubre c\u00f3mo puede simplificar y optimizar tus operaciones diarias.<\/p>\n<p><strong>Caracter\u00edsticas destacadas:<\/strong><\/p>\n<ul>\n<li><strong>Sin necesidad de conexi\u00f3n a Internet:<\/strong> Cuotagest es un software de escritorio que funciona sin conexi\u00f3n, lo que significa que puedes acceder a tus datos en cualquier momento, sin importar la conectividad.<\/li>\n<li><strong>F\u00e1cil de usar:<\/strong> Dise\u00f1ado pensando en la facilidad de uso, Cuotagest ofrece una interfaz intuitiva que te permite gestionar tus academias de manera eficiente, sin necesidad de ser un experto en tecnolog\u00eda.<\/li>\n<li><strong>Soporte y recursos de ayuda:<\/strong> \u00bfTienes alguna pregunta o necesitas ayuda? Nuestro equipo de soporte est\u00e1 aqu\u00ed para ayudarte. Adem\u00e1s, puedes consultar nuestro completo manual de usuario en nuestra p\u00e1gina de ayuda en cualquier momento.<\/li>\n<\/ul>\n<p><strong>Prueba Gratuita:<\/strong> Reg\u00edstrate ahora y obt\u00e9n una licencia gratuita para probar Cuotagest con todas las opciones. Descarga el software desde nuestra p\u00e1gina web de descargas y comienza a experimentar sus beneficios sin ning\u00fan compromiso.<\/p>\n<p><strong>Libertad de Elecci\u00f3n:<\/strong> Una vez que finalice el per\u00edodo de prueba, tendr\u00e1s la libertad de decidir si deseas seguir utilizando Cuotagest. No hay presiones ni obligaciones.<\/p>\n<p><strong>\u00a1Exclusivo para Nuevos Clientes!<\/strong> Esta oferta especial est\u00e1 disponible exclusivamente para nuevos clientes. Aprovecha esta oportunidad para descubrir c\u00f3mo Cuotagest puede transformar la gesti\u00f3n de tu academia.<\/p>\n<p>No pierdas m\u00e1s tiempo en procesos complicados y desorganizados. \u00a1Descarga Cuotagest hoy mismo y lleva la gesti\u00f3n de tu academia al siguiente nivel!<\/p>\n<div class='w3eden'><!-- WPDM Link Template: Default Template -->\n\n<div class=\"link-template-default card mb-2\">\n    <div class=\"card-body\">\n        <div class=\"media\">\n            <div class=\"mr-3 img-48\"><img decoding=\"async\" class=\"wpdm_icon\" alt=\"Icono\"   src=\"https:\/\/cuotagest.com\/web\/wp-content\/plugins\/download-manager\/assets\/file-type-icons\/download2.png\" \/><\/div>\n            <div class=\"media-body\">\n                <h3 class=\"package-title\"><a href='https:\/\/cuotagest.com\/web\/download\/software-cuotagest\/'>Software Cuotagest v19.10.1<\/a><\/h3>\n                <div class=\"text-muted text-small\"><i class=\"fas fa-copy\"><\/i> 1 archivo(s) <i class=\"fas fa-hdd ml-3\"><\/i> 25.8 MB<\/div>\n            <\/div>\n            <div class=\"ml-3\">\n                <a href='#unlock' class='wpdm-download-link wpdm-download-locked btn btn-primary ' data-package='4143'>Descargar<\/a>\n            <\/div>\n        <\/div>\n    <\/div>\n<\/div>\n\n<\/div>\n","protected":false},"excerpt":{"rendered":"<p><strong>Cuotagest: Software de Gesti\u00f3n para Academias<\/strong><\/p>\n<p>Optimiza la administraci\u00f3n de tu academia con Cuotagest. Con una interfaz intuitiva y sin necesidad de conexi\u00f3n a Internet, Cuotagest simplifica tus operaciones diarias. Prueba gratuita \u00a1Desc\u00e1rgalo ya!<\/p>\n","protected":false},"featured_media":96,"comment_status":"closed","ping_status":"closed","template":"","meta":[],"product_brand":[],"product_cat":[57,13],"product_tag":[58,124],"class_list":{"0":"post-8062","1":"product","2":"type-product","3":"status-publish","4":"has-post-thumbnail","6":"product_cat-licencias","7":"product_cat-software","8":"product_tag-academias-3","9":"product_tag-software","11":"first","12":"instock","13":"virtual","14":"sold-individually","15":"taxable","16":"purchasable","17":"product-type-simple"},"_links":{"self":[{"href":"https:\/\/cuotagest.com\/web\/wp-json\/wp\/v2\/product\/8062","targetHints":{"allow":["GET"]}}],"collection":[{"href":"https:\/\/cuotagest.com\/web\/wp-json\/wp\/v2\/product"}],"about":[{"href":"https:\/\/cuotagest.com\/web\/wp-json\/wp\/v2\/types\/product"}],"replies":[{"embeddable":true,"href":"https:\/\/cuotagest.com\/web\/wp-json\/wp\/v2\/comments?post=8062"}],"wp:featuredmedia":[{"embeddable":true,"href":"https:\/\/cuotagest.com\/web\/wp-json\/wp\/v2\/media\/96"}],"wp:attachment":[{"href":"https:\/\/cuotagest.com\/web\/wp-json\/wp\/v2\/media?parent=8062"}],"wp:term":[{"taxonomy":"product_brand","embeddable":true,"href":"https:\/\/cuotagest.com\/web\/wp-json\/wp\/v2\/product_brand?post=8062"},{"taxonomy":"product_cat","embeddable":true,"href":"https:\/\/cuotagest.com\/web\/wp-json\/wp\/v2\/product_cat?post=8062"},{"taxonomy":"product_tag","embeddable":true,"href":"https:\/\/cuotagest.com\/web\/wp-json\/wp\/v2\/product_tag?post=8062"}],"curies":[{"name":"wp","href":"https:\/\/api.w.org\/{rel}","templated":true}]}}